{"id":9029,"date":"2026-04-02T07:53:32","date_gmt":"2026-04-02T07:53:32","guid":{"rendered":"https:\/\/www.campingitaly.it\/short-break-may-2026\/"},"modified":"2026-04-02T07:56:12","modified_gmt":"2026-04-02T07:56:12","slug":"short-break-may-2026","status":"publish","type":"page","link":"https:\/\/www.campingitaly.it\/de\/last-minute\/short-break-may-2026\/","title":{"rendered":"SHORT BREAK MAY 2026"},"content":{"rendered":"<p>G\u00f6nnen Sie sich eine Auszeit im Mai: Sparen Sie 15 % auf den Aufenthalt von mindenstens 2 N\u00e4chten und genie\u00dfen Sie einen sorgenfreien Urlaub.<\/p>\n<p>&nbsp;<\/p>\n<p>F\u00fcr Buchungen vom 30.04. bis 04.05.2026 (ausgenommen), mit Abfahrt bis sp\u00e4tenstens 10:00 Uhr.<\/p>\n<p>&nbsp;<\/p>\n<p><strong>Dies Angebot gilt nur f\u00fcr neue Online-Buchungen vom 06.03. bis zum 30.04.2026.<\/strong><\/p>\n<p>&nbsp;<\/p>\n<p><em>*Extras nicht inbegriffen<\/em><\/p>\n","protected":false},"excerpt":{"rendered":"<p>G\u00f6nnen Sie sich eine Auszeit im Mai: Sparen Sie 15 % auf den Aufenthalt von mindenstens 2 N\u00e4chten und genie\u00dfen Sie einen sorgenfreien Urlaub. &nbsp; F\u00fcr Buchungen vom 30.04. bis 04.05.2026 (ausgenommen), mit Abfahrt bis sp\u00e4tenstens 10:00 Uhr. &nbsp; Dies Angebot gilt nur f\u00fcr neue Online-Buchungen vom 06.03. bis zum 30.04.2026. &nbsp; *Extras nicht inbegriffen<\/p>\n","protected":false},"author":2,"featured_media":8190,"parent":1242,"menu_order":0,"comment_status":"closed","ping_status":"closed","template":"","meta":{"_acf_changed":false,"footnotes":""},"class_list":["post-9029","page","type-page","status-publish","has-post-thumbnail","hentry"],"acf":[],"yoast_head":"<!-- This site is optimized with the Yoast SEO plugin v23.4 - https:\/\/yoast.com\/wordpress\/plugins\/seo\/ -->\n<title>SHORT BREAK MAY 2026 | Italy Camping Village<\/title>\n<meta name=\"robots\" content=\"index, follow, max-snippet:-1, max-image-preview:large, max-video-preview:-1\" \/>\n<link rel=\"canonical\" href=\"https:\/\/www.campingitaly.it\/de\/short-break-may-2026\/\" \/>\n<meta property=\"og:locale\" content=\"de_DE\" \/>\n<meta property=\"og:type\" content=\"article\" \/>\n<meta property=\"og:title\" content=\"SHORT BREAK MAY 2026 | Italy Camping Village\" \/>\n<meta property=\"og:description\" content=\"G\u00f6nnen Sie sich eine Auszeit im Mai: Sparen Sie 15 % auf den Aufenthalt von mindenstens 2 N\u00e4chten und genie\u00dfen Sie einen sorgenfreien Urlaub. &nbsp; F\u00fcr Buchungen vom 30.04. bis 04.05.2026 (ausgenommen), mit Abfahrt bis sp\u00e4tenstens 10:00 Uhr. &nbsp; Dies Angebot gilt nur f\u00fcr neue Online-Buchungen vom 06.03. bis zum 30.04.2026. &nbsp; *Extras nicht inbegriffen\" \/>\n<meta property=\"og:url\" content=\"https:\/\/www.campingitaly.it\/de\/short-break-may-2026\/\" \/>\n<meta property=\"og:site_name\" content=\"Italy Camping Village\" \/>\n<meta property=\"article:publisher\" content=\"https:\/\/www.facebook.com\/ItalyCampingVillage\" \/>\n<meta property=\"article:modified_time\" content=\"2026-04-02T07:56:12+00:00\" \/>\n<meta name=\"twitter:card\" content=\"summary_large_image\" \/>\n<meta name=\"twitter:label1\" content=\"Gesch\u00e4tzte Lesezeit\" \/>\n\t<meta name=\"twitter:data1\" content=\"1 Minute\" \/>\n<script type=\"application\/ld+json\" class=\"yoast-schema-graph\">{\"@context\":\"https:\/\/schema.org\",\"@graph\":[{\"@type\":\"WebPage\",\"@id\":\"https:\/\/www.campingitaly.it\/de\/short-break-may-2026\/\",\"url\":\"https:\/\/www.campingitaly.it\/de\/short-break-may-2026\/\",\"name\":\"SHORT BREAK MAY 2026 | Italy Camping Village\",\"isPartOf\":{\"@id\":\"https:\/\/www.campingitaly.it\/#website\"},\"primaryImageOfPage\":{\"@id\":\"https:\/\/www.campingitaly.it\/de\/short-break-may-2026\/#primaryimage\"},\"image\":{\"@id\":\"https:\/\/www.campingitaly.it\/de\/short-break-may-2026\/#primaryimage\"},\"thumbnailUrl\":\"https:\/\/www.campingitaly.it\/wp-content\/uploads\/2024\/10\/gallery-camping-italy-1-scaled.jpg\",\"datePublished\":\"2026-04-02T07:53:32+00:00\",\"dateModified\":\"2026-04-02T07:56:12+00:00\",\"breadcrumb\":{\"@id\":\"https:\/\/www.campingitaly.it\/de\/short-break-may-2026\/#breadcrumb\"},\"inLanguage\":\"de-DE\",\"potentialAction\":[{\"@type\":\"ReadAction\",\"target\":[\"https:\/\/www.campingitaly.it\/de\/short-break-may-2026\/\"]}]},{\"@type\":\"ImageObject\",\"inLanguage\":\"de-DE\",\"@id\":\"https:\/\/www.campingitaly.it\/de\/short-break-may-2026\/#primaryimage\",\"url\":\"https:\/\/www.campingitaly.it\/wp-content\/uploads\/2024\/10\/gallery-camping-italy-1-scaled.jpg\",\"contentUrl\":\"https:\/\/www.campingitaly.it\/wp-content\/uploads\/2024\/10\/gallery-camping-italy-1-scaled.jpg\",\"width\":2560,\"height\":1707},{\"@type\":\"BreadcrumbList\",\"@id\":\"https:\/\/www.campingitaly.it\/de\/short-break-may-2026\/#breadcrumb\",\"itemListElement\":[{\"@type\":\"ListItem\",\"position\":1,\"name\":\"Home\",\"item\":\"https:\/\/www.campingitaly.it\/de\/\"},{\"@type\":\"ListItem\",\"position\":2,\"name\":\"SHORT BREAK MAY 2026\"}]},{\"@type\":\"WebSite\",\"@id\":\"https:\/\/www.campingitaly.it\/#website\",\"url\":\"https:\/\/www.campingitaly.it\/\",\"name\":\"Italy Camping Village\",\"description\":\"Italian Lifestyle Stile, ospitalit\u00e0, cibo e natura\",\"potentialAction\":[{\"@type\":\"SearchAction\",\"target\":{\"@type\":\"EntryPoint\",\"urlTemplate\":\"https:\/\/www.campingitaly.it\/?s={search_term_string}\"},\"query-input\":{\"@type\":\"PropertyValueSpecification\",\"valueRequired\":true,\"valueName\":\"search_term_string\"}}],\"inLanguage\":\"de-DE\"}]}<\/script>\n<!-- \/ Yoast SEO plugin. -->","yoast_head_json":{"title":"SHORT BREAK MAY 2026 | Italy Camping Village","robots":{"index":"index","follow":"follow","max-snippet":"max-snippet:-1","max-image-preview":"max-image-preview:large","max-video-preview":"max-video-preview:-1"},"canonical":"https:\/\/www.campingitaly.it\/de\/short-break-may-2026\/","og_locale":"de_DE","og_type":"article","og_title":"SHORT BREAK MAY 2026 | Italy Camping Village","og_description":"G\u00f6nnen Sie sich eine Auszeit im Mai: Sparen Sie 15 % auf den Aufenthalt von mindenstens 2 N\u00e4chten und genie\u00dfen Sie einen sorgenfreien Urlaub. &nbsp; F\u00fcr Buchungen vom 30.04. bis 04.05.2026 (ausgenommen), mit Abfahrt bis sp\u00e4tenstens 10:00 Uhr. &nbsp; Dies Angebot gilt nur f\u00fcr neue Online-Buchungen vom 06.03. bis zum 30.04.2026. &nbsp; *Extras nicht inbegriffen","og_url":"https:\/\/www.campingitaly.it\/de\/short-break-may-2026\/","og_site_name":"Italy Camping Village","article_publisher":"https:\/\/www.facebook.com\/ItalyCampingVillage","article_modified_time":"2026-04-02T07:56:12+00:00","twitter_card":"summary_large_image","twitter_misc":{"Gesch\u00e4tzte Lesezeit":"1 Minute"},"schema":{"@context":"https:\/\/schema.org","@graph":[{"@type":"WebPage","@id":"https:\/\/www.campingitaly.it\/de\/short-break-may-2026\/","url":"https:\/\/www.campingitaly.it\/de\/short-break-may-2026\/","name":"SHORT BREAK MAY 2026 | Italy Camping Village","isPartOf":{"@id":"https:\/\/www.campingitaly.it\/#website"},"primaryImageOfPage":{"@id":"https:\/\/www.campingitaly.it\/de\/short-break-may-2026\/#primaryimage"},"image":{"@id":"https:\/\/www.campingitaly.it\/de\/short-break-may-2026\/#primaryimage"},"thumbnailUrl":"https:\/\/www.campingitaly.it\/wp-content\/uploads\/2024\/10\/gallery-camping-italy-1-scaled.jpg","datePublished":"2026-04-02T07:53:32+00:00","dateModified":"2026-04-02T07:56:12+00:00","breadcrumb":{"@id":"https:\/\/www.campingitaly.it\/de\/short-break-may-2026\/#breadcrumb"},"inLanguage":"de-DE","potentialAction":[{"@type":"ReadAction","target":["https:\/\/www.campingitaly.it\/de\/short-break-may-2026\/"]}]},{"@type":"ImageObject","inLanguage":"de-DE","@id":"https:\/\/www.campingitaly.it\/de\/short-break-may-2026\/#primaryimage","url":"https:\/\/www.campingitaly.it\/wp-content\/uploads\/2024\/10\/gallery-camping-italy-1-scaled.jpg","contentUrl":"https:\/\/www.campingitaly.it\/wp-content\/uploads\/2024\/10\/gallery-camping-italy-1-scaled.jpg","width":2560,"height":1707},{"@type":"BreadcrumbList","@id":"https:\/\/www.campingitaly.it\/de\/short-break-may-2026\/#breadcrumb","itemListElement":[{"@type":"ListItem","position":1,"name":"Home","item":"https:\/\/www.campingitaly.it\/de\/"},{"@type":"ListItem","position":2,"name":"SHORT BREAK MAY 2026"}]},{"@type":"WebSite","@id":"https:\/\/www.campingitaly.it\/#website","url":"https:\/\/www.campingitaly.it\/","name":"Italy Camping Village","description":"Italian Lifestyle Stile, ospitalit\u00e0, cibo e natura","potentialAction":[{"@type":"SearchAction","target":{"@type":"EntryPoint","urlTemplate":"https:\/\/www.campingitaly.it\/?s={search_term_string}"},"query-input":{"@type":"PropertyValueSpecification","valueRequired":true,"valueName":"search_term_string"}}],"inLanguage":"de-DE"}]}},"_links":{"self":[{"href":"https:\/\/www.campingitaly.it\/de\/wp-json\/wp\/v2\/pages\/9029","targetHints":{"allow":["GET"]}}],"collection":[{"href":"https:\/\/www.campingitaly.it\/de\/wp-json\/wp\/v2\/pages"}],"about":[{"href":"https:\/\/www.campingitaly.it\/de\/wp-json\/wp\/v2\/types\/page"}],"author":[{"embeddable":true,"href":"https:\/\/www.campingitaly.it\/de\/wp-json\/wp\/v2\/users\/2"}],"replies":[{"embeddable":true,"href":"https:\/\/www.campingitaly.it\/de\/wp-json\/wp\/v2\/comments?post=9029"}],"version-history":[{"count":1,"href":"https:\/\/www.campingitaly.it\/de\/wp-json\/wp\/v2\/pages\/9029\/revisions"}],"predecessor-version":[{"id":9031,"href":"https:\/\/www.campingitaly.it\/de\/wp-json\/wp\/v2\/pages\/9029\/revisions\/9031"}],"up":[{"embeddable":true,"href":"https:\/\/www.campingitaly.it\/de\/wp-json\/wp\/v2\/pages\/1242"}],"wp:featuredmedia":[{"embeddable":true,"href":"https:\/\/www.campingitaly.it\/de\/wp-json\/wp\/v2\/media\/8190"}],"wp:attachment":[{"href":"https:\/\/www.campingitaly.it\/de\/wp-json\/wp\/v2\/media?parent=9029"}],"curies":[{"name":"wp","href":"https:\/\/api.w.org\/{rel}","templated":true}]}}