{"id":5469,"date":"2022-04-15T09:36:11","date_gmt":"2022-04-15T09:36:11","guid":{"rendered":"https:\/\/www.campingitaly.it\/de\/?page_id=5469"},"modified":"2022-04-15T09:36:11","modified_gmt":"2022-04-15T09:36:11","slug":"covid-19-info_copia-2022-04-15","status":"publish","type":"page","link":"https:\/\/www.campingitaly.it\/de\/covid-19-info_copia-2022-04-15\/","title":{"rendered":"COVID-19 INFO_copia.2022.04.15"},"content":{"rendered":"<h4>WICHTIGE COVID-19 INFO:<\/h4>\n<h5>\u00a0\u00a0<\/h5>\n<p><strong><img loading=\"lazy\" decoding=\"async\" class=\"alignnone size-full wp-image-3766\" src=\"https:\/\/www.campingitaly.it\/wp-content\/uploads\/2020\/05\/ULworld-services-blu.png\" alt=\"ULworld-services-blu\" width=\"96\" height=\"96\" \/>\u00a0<\/strong><\/p>\n<p><strong>ER\u00d6FFNUNG VON BUR\u00d6S UND DIENSTLEISTUNGEN<\/strong><br \/><strong>Werden alle Dienstleistungen des Campingplatzes regelm\u00e4\u00dfig ge\u00f6ffnet?<\/strong><br \/>Ja.<\/p>\n<p><strong>Welche Stornobedingungen gibt es 2022 am Italy Camping Village?<\/strong><br \/><a href=\"https:\/\/www.campingitaly.it\/de\/2022-2\/\">Hier<\/a>\u00a0finden Sie die Buchungs- und Stornobedingungen g\u00fcltig f\u00fcr das Jahr 2022.<\/p>\n<p><img loading=\"lazy\" decoding=\"async\" class=\"alignnone size-full wp-image-3758\" src=\"https:\/\/www.campingitaly.it\/wp-content\/uploads\/2020\/05\/daycamp_checkin.png\" alt=\"daycamp_checkin\" width=\"105\" height=\"105\" \/><\/p>\n<p><strong>CHECK-IN<br \/>Wird die K\u00f6rpertemperatur des Gastes bei der Ankunft gemessen?<\/strong><br \/>Nein. Die K\u00f6rpertemperatur der G\u00e4ste wird bei der Ankunft nicht gemessen, auch wenn der Betreiber dazu berechtigt ist, wodurch der Zugang bei Temperaturen &gt; 37,5 \u00b0 C verhindert und untersagt wird.\u00a0<strong>G\u00e4ste m\u00fcssen die Maske benutzen<\/strong>.<\/p>\n<p><strong>Muss ich auf dem Campingplatz besondere Regeln beachten?<\/strong><br \/>Die Anti-COVID-Strategie basiert auf drei einfachen Grundprinzipien: 1) Verwendung der Maske; 2) pers\u00f6nliche Hygiene; 3) Mindestabstand von einem Meter. Beim Check-in wird allen G\u00e4sten eine Anti-COVID-Information ausgeh\u00e4ndigt.<\/p>\n<p><strong>Wird f\u00fcr Mitarbeiter der Einrichtung eine Messung der K\u00f6rpertemperatur durchgef\u00fchrt?<\/strong><br \/>Ja. Allen Mitarbeitern und Lieferanten wird bei jedem Betreten des Campingplatzes die K\u00f6rpertemperatur gemessen.<\/p>\n<p><img loading=\"lazy\" decoding=\"async\" class=\"alignnone size-full wp-image-3760\" src=\"https:\/\/www.campingitaly.it\/wp-content\/uploads\/2020\/05\/essentials-prices-blu.png\" alt=\"essentials-prices-blu\" width=\"96\" height=\"96\" \/><\/p>\n<p><strong>CHECK-OUT<br \/>Haben Sie beim Auschecken neue Zahlungsmethoden implementiert?<\/strong><br \/>Die Pr\u00e4ferenz f\u00fcr elektronisches Bezahlen vermeiden Kontakt.<\/p>\n<p><img loading=\"lazy\" decoding=\"async\" class=\"alignnone size-full wp-image-3754\" src=\"https:\/\/www.campingitaly.it\/wp-content\/uploads\/2020\/05\/aquaparkLaguna-spray-park.png\" alt=\"aquaparkLaguna-spray-park\" width=\"105\" height=\"105\" \/><\/p>\n<p><strong>MASKE UND EINWEGHANDSCHUHE<br \/><\/strong><strong>Muss ich im Urlaub eine Maske tragen?<\/strong><br \/>G\u00e4ste m\u00fcssen die Maske benutzen, wenn sie sich in Innenr\u00e4umen befinden; oder sich au\u00dferhalb des abgegrenzten Bereichs von Ihrem Stellplatz \/ Ihrer Wohneinheit befinden bzw. aufhalten, trotzdem nur wenn der zwischenmenschliche Abstand von einem Meter nicht garantiert werden kann (au\u00dfer den Personen, die zur selben Familie geh\u00f6ren).<\/p>\n<p>Am Strand sowie in den Wasserparks muss der Abstand zwischen den Positionen der verschiedenen G\u00e4ste auf jeden Fall mindestens 1,5 Meter betragen.<\/p>\n<p><strong>Sollten die Mitarbeiter auf dem Campingplatz eine Maske tragen?<\/strong><br \/>Das Personal ist verpflichtet, die Maske immer in Anwesenheit von G\u00e4sten zu verwenden und jedoch unter allen Umst\u00e4nden, zu gew\u00e4hrleisten.<\/p>\n<h5>\u00a0<\/h5>\n<p><img loading=\"lazy\" decoding=\"async\" class=\"alignnone size-full wp-image-3762\" src=\"https:\/\/www.campingitaly.it\/wp-content\/uploads\/2020\/05\/shopping-cose-da-fare-blu.png\" alt=\"shopping-cose-da-fare-blu\" width=\"96\" height=\"96\" \/><\/p>\n<p><strong>GESCH\u00c4FTE UND IM SUPERMARKT<br \/>Muss ich die Maske in Gesch\u00e4ften und im Supermarkt tragen?<\/strong><br \/>Ja, das ist verpflichtend.<\/p>\n<p><strong>Wo kann ich Hygieneprodukte kaufen?<\/strong><br \/>Unsere Superm\u00e4rkte\u00a0<strong>(Italy + Union Lido)\u00a0<\/strong>und die Parafarmacia\u00a0<strong>(Union Lido)\u00a0<\/strong>bieten ein breites Sortiment an Hygiene- und Schutzprodukten an.<\/p>\n<p><img loading=\"lazy\" decoding=\"async\" class=\"alignnone size-full wp-image-3755\" src=\"https:\/\/www.campingitaly.it\/wp-content\/uploads\/2020\/05\/bambini-scout-e1589747941576.png\" alt=\"bambini-scout-e1589747941576\" width=\"105\" height=\"105\" \/><\/p>\n<p><strong>STELLPL\u00c4TZE<br \/>Ist es sicher, Stellpl\u00e4tze zu bewohnen?<\/strong><br \/>Mit Sicherheit. Die Breite der Stellpl\u00e4tze gew\u00e4hrleistet den Sicherheitsabstand;<br \/>Die M\u00f6glichkeit, den ganzen Tag im Freien zu leben und die Sonnenstrahlen zu genie\u00dfen, stellt einen wichtigen Faktor bei der Bek\u00e4mpfung von Infektionen dar.<\/p>\n<p><strong>Wie muss ich den Wohnwagen positionieren?<\/strong><br \/>Die offenen Seiten (Zugang) der auf dem Stellplatz positionierten Wohneinheiten (Wohnwagen, Wohnmobile, Zelte) m\u00fcssen einen Mindestsicherheits-Abstand von\u00a0<strong>drei Metern<\/strong>\u00a0zu anderen benachbarten Einheiten einhalten.<\/p>\n<p><img loading=\"lazy\" decoding=\"async\" class=\"alignnone size-full wp-image-3753\" src=\"https:\/\/www.campingitaly.it\/wp-content\/uploads\/2020\/05\/aquaparkLaguna-play-tower.png\" alt=\"aquaparkLaguna-play-tower\" width=\"105\" height=\"105\" \/><\/p>\n<p><strong>POOLS ITALY + UNION LIDO UND WASSERPARKS UNION LIDO\u00a0<br \/>Ist es m\u00f6glich und sicher im Pool zu schwimmen?<\/strong><br \/>Ja, das im Schwimmbadwasser enthaltene Chlor wird st\u00e4ndig \u00fcberwacht und kontrolliert (freies aktives Chlor zwischen 1,0 &#8211; 1,5 mg \/ l; kombiniertes Chlor \u2264 0,40 mg \/ l; pH 6,5 &#8211; 7,5). Die \u00dcberf\u00fcllungsdichte im Schwimmbecken wird mit einem Index von 7 m2 Wasseroberfl\u00e4che pro Person berechnet.<\/p>\n<p><strong>Ist es m\u00f6glich, das Solarium und die Gr\u00fcnfl\u00e4chen zu nutzen?<\/strong><br \/>Ja, die \u00dcberf\u00fcllungsdichte im Solarium und auf den Gr\u00fcnfl\u00e4chen wird mit einem Index von mindestens 7 m2 Gehfl\u00e4che pro Person berechnet. Die Anordnung aller Ger\u00e4te (Liegest\u00fchle, Sonnenliegen) wird unter Einhaltung der Abst\u00e4nde und auf speziellen Wegen durchgef\u00fchrt. Bei jedem Benutzerwechsel und \/ oder am Ende der Schicht werden sie vom Personal desinfiziert.<\/p>\n<p><strong>Gibt es Desinfektionsprodukte in Schwimmb\u00e4dern und Wasserparks?<\/strong><br \/>Ja, jede Anlage ist mit Spendern mit hydroalkoholischen L\u00f6sungen f\u00fcr die H\u00e4ndehygiene an gut sichtbaren Stellen am Eingang und in Bereichen mit h\u00e4ufigem Transit, im Solarium-Bereich oder in strategischen Bereichen ausgestattet, um eine H\u00e4ndehygiene zu f\u00f6rdern. Es besteht die Verpflichtung, Ihre H\u00e4nde bereits am Eingang zu desinfizieren.<\/p>\n<p><img loading=\"lazy\" decoding=\"async\" class=\"alignnone size-full wp-image-3761\" src=\"https:\/\/www.campingitaly.it\/wp-content\/uploads\/2020\/05\/restaurants.png\" alt=\"restaurants\" width=\"105\" height=\"105\" \/><\/p>\n<p><strong>RESTAURANTS ITALY + UNION LIDO\u00a0<br \/><\/strong><strong>Ist eine K\u00f6rpertemperatur-Messung erforderlich, um Zugang zu Restaurants zu erhalten?<\/strong><br \/>Nein. Die K\u00f6rpertemperatur der G\u00e4ste wird bei der Ankunft nicht gemessen, auch wenn der Betreiber dazu berechtigt ist, wodurch der Zugang bei Temperaturen &gt; 37,5 \u00b0 C verhindert und untersagt wird.<\/p>\n<p><strong>Muss ich im Restaurant eine Maske tragen?<\/strong><br \/>Im Restaurant m\u00fcssen G\u00e4ste eine Maske tragen, wenn sie nicht am Tisch sitzen.<\/p>\n<p><strong>Gibt es am Eingang der Restaurants Desinfektionsmittel?<\/strong><br \/>Ja, Desinfektionsprodukte sind f\u00fcr G\u00e4ste und Mitarbeiter auch an mehreren Stellen in den R\u00e4umlichkeiten erh\u00e4ltlich, vor allem am Eingang und in der N\u00e4he der Toiletten-Anlagen.<\/p>\n<p><strong>Ist es m\u00f6glich, das Essen zu bestellen?<\/strong><br \/>Ja, Reservierungen werden dringendst empfohlen, da sich nicht mehr G\u00e4ste innerhalb des Lokals befinden d\u00fcrfen, als Sitzpl\u00e4tze vorhanden sind.<\/p>\n<p><strong>Sind ein take-away Service und Lebensmittellieferungen verf\u00fcgbar?<\/strong><br \/>Ja<\/p>\n<p><strong>Haben Sie Restaurants mit Tischen im Freien?\u00a0<\/strong><br \/>Ja, alle unsere Restaurants und\u00a0 Bars haben Tische im Freien mit gro\u00dfen Terrassen\u00a0<strong>(Italy + Union Lido)<\/strong><\/p>\n<p><strong>In welchem Abstand zwischen den Tischen k\u00f6nnen Sie essen?<\/strong><br \/>Die Tische m\u00fcssen so angeordnet sein, dass die St\u00fchle den zwischenmenschlichen Sicherheitsabstand zwischen den G\u00e4sten gew\u00e4hrleisten, mit Ausnahme von Personen, die nach den geltenden Bestimmungen keiner zwischenmenschlichen Distanzierung unterliegen. Dieser letzte Aspekt betrifft die Eigenverantwortung.<\/p>\n<p><strong>K\u00f6nnen Sie Lebensmittel an der Theke konsumieren?<\/strong><br \/>Der Konsum an der Theke ist nicht eralubt.<\/p>\n<p><strong>Ist ein Buffetkonsum zum Beispiel zum Fr\u00fchst\u00fcck erlaubt?<\/strong><br \/>Buffetkonsum ist nicht erlaubt.<\/p>\n<p><strong>Sind Barzahlungen in Restaurants und Bars erlaubt?<\/strong><br \/>Ja, es ist m\u00f6glich, in bar zu bezahlen, auch wenn die elektronische Zahlung bevorzugt wird, m\u00f6glichst am Tisch.<\/p>\n<p><strong>Wie haben Sie das Problem im Zusammenhang mit der Konsultierung des Men\u00fcs gel\u00f6st?<\/strong><br \/>Die Men\u00fcs k\u00f6nnen in plastifiziertem Druck mit vorbeugender und anschlie\u00dfender Desinfektion, online auf Ihrem Mobiltelefon oder als Einwegpapier pr\u00e4sentiert werden.<\/p>\n<p><img loading=\"lazy\" decoding=\"async\" class=\"alignnone size-full wp-image-3767\" src=\"https:\/\/www.campingitaly.it\/wp-content\/uploads\/2020\/05\/water-drop105.png\" alt=\"water-drop105\" width=\"105\" height=\"105\" \/><\/p>\n<p><strong>WASCHH\u00c4USER<\/strong><br \/><strong>Wie sollen die Waschh\u00e4user benutzt werden und wie werden sie desinfiziert?<\/strong><br \/>In allen Waschh\u00e4usern gibt es spezielle Wege, um Personen-Kreuzungen so weit wie m\u00f6glich zu vermeiden. An verschiedenen Stellen befinden sich Desinfektions-Gele und alle Sanit\u00e4rarmaturen k\u00f6nnen unter Einhaltung der vorgesehenen Mindestabst\u00e4nde verwendet werden.<br \/>Die st\u00e4ndige Desinfektion von Oberfl\u00e4chen, Kontaktteilen und Sanit\u00e4rarmaturen durch Fachpersonal sowie die nat\u00fcrliche Luftzirkulation gew\u00e4hrleisten die Sicherheit der Benutzer.<br \/>In den Waschh\u00e4usern sind Spender mit desinfizierenden hydroalkoholischen L\u00f6sungen f\u00fcr die H\u00e4ndehygiene vorhanden.<\/p>\n<p><strong>Maskenpflicht vorgeschrieben.<\/strong><\/p>\n<h5><img loading=\"lazy\" decoding=\"async\" class=\"alignnone size-full wp-image-3756\" src=\"https:\/\/www.campingitaly.it\/wp-content\/uploads\/2020\/05\/beach-cose-da-fare-blu.png\" alt=\"beach-cose-da-fare-blu\" width=\"96\" height=\"96\" \/><\/h5>\n<p><strong>STRAND UND MEER<br \/>Kann man im Meer schwimmen?<\/strong><br \/>Mit Sicherheit. Das Baden im Salzwasser wird aufgrund seiner wohltuenden Eigenschaften f\u00fcr den K\u00f6rper, der nat\u00fcrlichen Salz-Desinfektion der Umgebung und des durch Meerwasser garantierten sehr hohen Verd\u00fcnnungsgrades empfohlen. Es wird hervorgehoben, dass sich das Litoral von Cavallino auch 2021 mit der Blauen Flagge schm\u00fccken darf, einem Synonym f\u00fcr ein Meer mit sauberem Wasser und maximaler Aufmerksamkeit f\u00fcr die Sicherheit.<\/p>\n<p><strong>Wie gro\u00df ist der Abstand zwischen den Sonnenschirmen in den Bereichen der Vermietung?<\/strong><br \/>Jeder Sonnenschirm muss 12 m2 zur Verf\u00fcgung haben. Wir haben entschieden, diese Grenze auf 18,5 m2 zu erh\u00f6hen.<\/p>\n<p><strong>Wie gro\u00df ist der Abstand zwischen den Strandausr\u00fcstungen?<\/strong><br \/>Unter den Strandausr\u00fcstungen (St\u00fchle, Sonnenliegen), wenn diese nicht im Bereich des Sonnenschirms positioniert sind, muss ein Mindestabstand von 1,5 m gew\u00e4hrleistet sein.<\/p>\n<p><strong>Gibt es in den Bereichen mit Miet-Sonnenschirmen Desinfektionsprodukte?<\/strong><br \/>Desinfektionsprodukte stehen G\u00e4sten und Mitarbeitern an mehreren Stellen zur Verf\u00fcgung.<\/p>\n<p><strong>Ist es m\u00f6glich, den Platz am Strand zu buchen?<\/strong><br \/>Ja, unser Buchungsservice kann Ihnen alle notwendigen Informationen geben.<\/p>\n<p><strong>Gibt es spezielle Regeln in den freien Strand-Bereichen?<\/strong><br \/>Nein, es gelten die gleichen Regeln wie f\u00fcr die Bereiche mit Miet-Sonnenschirmen.<\/p>\n<p><strong>Wie gro\u00df ist der Abstand zwischen meiner Strandausr\u00fcstung und der der Nachbarn?<\/strong><br \/>Pers\u00f6nliche Ausr\u00fcstungen (Sonnenliegen, Liegest\u00fchle usw.) m\u00fcssen mindestens zwei Meter von den Nachbarn entfernt aufgestellt werden.<\/p>\n<p><img loading=\"lazy\" decoding=\"async\" class=\"alignnone size-full wp-image-3763\" src=\"https:\/\/www.campingitaly.it\/wp-content\/uploads\/2020\/05\/shops.png\" alt=\"shops\" width=\"105\" height=\"105\" \/><\/p>\n<p><strong>UNTERK\u00dcNFTE\u00a0<br \/>Wie werden die Wohneinheiten desinfiziert?<\/strong><br \/><strong>Italy Camping Village<\/strong>\u00a0arbeitet mit einem spezialisierten Unternehmen zusammen, das die Wohneinheit bei jedem Gastwechsel mit zertifizierten Reinigungsmitteln oder anderen physikalischen Mitteln wie Trockendampf desinfiziert. Ein nat\u00fcrlicher Luftaustausch und ein regelm\u00e4\u00dfiger Austausch der Filter der Klimaanlage sind ebenfalls gew\u00e4hrleistet.<\/p>\n<p><img loading=\"lazy\" decoding=\"async\" class=\"alignnone size-full wp-image-3759\" src=\"https:\/\/www.campingitaly.it\/wp-content\/uploads\/2020\/05\/entertain-cose-da-fare-blu.png\" alt=\"entertain-cose-da-fare-blu\" width=\"96\" height=\"96\" \/><\/p>\n<p><strong>ANIMATION<br \/>Gibt es eine Animation?<\/strong><br \/>Das Animationsservice\u00a0<b>Italy Camping Village<\/b>\u00a0ist nur f\u00fcr die Hochsaison garantiert. Das Animationsservice\u00a0<strong>Union Lido<\/strong>\u00a0ist f\u00fcr die gesamte \u00d6ffnungszeit des Campingplatzes garantiert.<\/p>\n<p><strong>Wie sind die Zugangsmodalit\u00e4ten zu den Aktivit\u00e4ten?<\/strong><br \/>Alle Animations-Aktivit\u00e4ten\u00a0<strong>Italy Camping Village\u00a0<\/strong>und<strong>\u00a0Union Lido\u00a0<\/strong>werden vorzugsweise auf Reservierung und mit einer begrenzten Anzahl von Personen durchgef\u00fchrt, um den Abstand und die Sicherheit f\u00fcr G\u00e4ste und Betreiber zu gew\u00e4hrleisten.<\/p>\n<p><strong>Welche Aktivit\u00e4ten sind m\u00f6glich?<\/strong><br \/>Alle Aktivit\u00e4ten, welche einen angemessenen Abstand erm\u00f6glichen. Miniclub mit Workshops, Fitnessaktivit\u00e4ten, Einzelsportarten und Abendunterhaltung.<\/p>\n<h5 id=\"tw-target-text\" class=\"tw-data-text tw-text-large XcVN5d tw-ta\" dir=\"ltr\" data-placeholder=\"Traduzione\">\u00a0<\/h5>\n<p><img loading=\"lazy\" decoding=\"async\" class=\"alignnone size-full wp-image-3764\" src=\"https:\/\/www.campingitaly.it\/wp-content\/uploads\/2020\/05\/sportfitness-tennis-1.png\" alt=\"sportfitness-tennis-1\" width=\"105\" height=\"105\" \/><\/p>\n<p><strong>CAVALLINO SPORT CENTER &#8211; UNION LIDO<\/strong><br \/><strong>Kann Sport betrieben werden?<\/strong><br \/>Ja, alle Einzelsportarten werden garantiert (Tennis, Reiten, usw.) und k\u00f6nnen in absoluter Sicherheit ausge\u00fcbt werden.<\/p>\n","protected":false},"excerpt":{"rendered":"<p>WICHTIGE COVID-19 INFO: \u00a0\u00a0 \u00a0 ER\u00d6FFNUNG VON BUR\u00d6S UND DIENSTLEISTUNGENWerden alle Dienstleistungen des Campingplatzes regelm\u00e4\u00dfig ge\u00f6ffnet?Ja. Welche Stornobedingungen gibt es 2022 am Italy Camping Village?Hier\u00a0finden Sie die Buchungs- und Stornobedingungen g\u00fcltig f\u00fcr das Jahr 2022. CHECK-INWird die K\u00f6rpertemperatur des Gastes bei der Ankunft gemessen?Nein. Die K\u00f6rpertemperatur der G\u00e4ste wird bei der Ankunft nicht gemessen, auch [&hellip;]<\/p>\n","protected":false},"author":3,"featured_media":6177,"parent":0,"menu_order":0,"comment_status":"closed","ping_status":"closed","template":"","meta":{"_acf_changed":false,"footnotes":""},"class_list":["post-5469","page","type-page","status-publish","has-post-thumbnail","hentry"],"acf":[],"yoast_head":"<!-- This site is optimized with the Yoast SEO plugin v23.4 - https:\/\/yoast.com\/wordpress\/plugins\/seo\/ -->\n<title>COVID-19 INFO_copia.2022.04.15 | Italy Camping Village<\/title>\n<meta name=\"robots\" content=\"index, follow, max-snippet:-1, max-image-preview:large, max-video-preview:-1\" \/>\n<link rel=\"canonical\" href=\"https:\/\/www.campingitaly.it\/de\/covid-19-info_copia-2022-04-15\/\" \/>\n<meta property=\"og:locale\" content=\"de_DE\" \/>\n<meta property=\"og:type\" content=\"article\" \/>\n<meta property=\"og:title\" content=\"COVID-19 INFO_copia.2022.04.15 | Italy Camping Village\" \/>\n<meta property=\"og:description\" content=\"WICHTIGE COVID-19 INFO: \u00a0\u00a0 \u00a0 ER\u00d6FFNUNG VON BUR\u00d6S UND DIENSTLEISTUNGENWerden alle Dienstleistungen des Campingplatzes regelm\u00e4\u00dfig ge\u00f6ffnet?Ja. Welche Stornobedingungen gibt es 2022 am Italy Camping Village?Hier\u00a0finden Sie die Buchungs- und Stornobedingungen g\u00fcltig f\u00fcr das Jahr 2022. CHECK-INWird die K\u00f6rpertemperatur des Gastes bei der Ankunft gemessen?Nein. Die K\u00f6rpertemperatur der G\u00e4ste wird bei der Ankunft nicht gemessen, auch [&hellip;]\" \/>\n<meta property=\"og:url\" content=\"https:\/\/www.campingitaly.it\/de\/covid-19-info_copia-2022-04-15\/\" \/>\n<meta property=\"og:site_name\" content=\"Italy Camping Village\" \/>\n<meta property=\"article:publisher\" content=\"https:\/\/www.facebook.com\/ItalyCampingVillage\" \/>\n<meta property=\"og:image\" content=\"https:\/\/www.campingitaly.it\/wp-content\/uploads\/2020\/05\/Covid-19.jpg\" \/>\n\t<meta property=\"og:image:width\" content=\"1170\" \/>\n\t<meta property=\"og:image:height\" content=\"500\" \/>\n\t<meta property=\"og:image:type\" content=\"image\/jpeg\" \/>\n<meta name=\"twitter:card\" content=\"summary_large_image\" \/>\n<meta name=\"twitter:label1\" content=\"Gesch\u00e4tzte Lesezeit\" \/>\n\t<meta name=\"twitter:data1\" content=\"7 Minuten\" \/>\n<script type=\"application\/ld+json\" class=\"yoast-schema-graph\">{\"@context\":\"https:\/\/schema.org\",\"@graph\":[{\"@type\":\"WebPage\",\"@id\":\"https:\/\/www.campingitaly.it\/de\/covid-19-info_copia-2022-04-15\/\",\"url\":\"https:\/\/www.campingitaly.it\/de\/covid-19-info_copia-2022-04-15\/\",\"name\":\"COVID-19 INFO_copia.2022.04.15 | Italy Camping Village\",\"isPartOf\":{\"@id\":\"https:\/\/www.campingitaly.it\/#website\"},\"primaryImageOfPage\":{\"@id\":\"https:\/\/www.campingitaly.it\/de\/covid-19-info_copia-2022-04-15\/#primaryimage\"},\"image\":{\"@id\":\"https:\/\/www.campingitaly.it\/de\/covid-19-info_copia-2022-04-15\/#primaryimage\"},\"thumbnailUrl\":\"https:\/\/www.campingitaly.it\/wp-content\/uploads\/2020\/05\/Covid-19.jpg\",\"datePublished\":\"2022-04-15T09:36:11+00:00\",\"dateModified\":\"2022-04-15T09:36:11+00:00\",\"breadcrumb\":{\"@id\":\"https:\/\/www.campingitaly.it\/de\/covid-19-info_copia-2022-04-15\/#breadcrumb\"},\"inLanguage\":\"de-DE\",\"potentialAction\":[{\"@type\":\"ReadAction\",\"target\":[\"https:\/\/www.campingitaly.it\/de\/covid-19-info_copia-2022-04-15\/\"]}]},{\"@type\":\"ImageObject\",\"inLanguage\":\"de-DE\",\"@id\":\"https:\/\/www.campingitaly.it\/de\/covid-19-info_copia-2022-04-15\/#primaryimage\",\"url\":\"https:\/\/www.campingitaly.it\/wp-content\/uploads\/2020\/05\/Covid-19.jpg\",\"contentUrl\":\"https:\/\/www.campingitaly.it\/wp-content\/uploads\/2020\/05\/Covid-19.jpg\",\"width\":1170,\"height\":500},{\"@type\":\"BreadcrumbList\",\"@id\":\"https:\/\/www.campingitaly.it\/de\/covid-19-info_copia-2022-04-15\/#breadcrumb\",\"itemListElement\":[{\"@type\":\"ListItem\",\"position\":1,\"name\":\"Home\",\"item\":\"https:\/\/www.campingitaly.it\/de\/\"},{\"@type\":\"ListItem\",\"position\":2,\"name\":\"COVID-19 INFO_copia.2022.04.15\"}]},{\"@type\":\"WebSite\",\"@id\":\"https:\/\/www.campingitaly.it\/#website\",\"url\":\"https:\/\/www.campingitaly.it\/\",\"name\":\"Italy Camping Village\",\"description\":\"Italian Lifestyle Stile, ospitalit\u00e0, cibo e natura\",\"potentialAction\":[{\"@type\":\"SearchAction\",\"target\":{\"@type\":\"EntryPoint\",\"urlTemplate\":\"https:\/\/www.campingitaly.it\/?s={search_term_string}\"},\"query-input\":{\"@type\":\"PropertyValueSpecification\",\"valueRequired\":true,\"valueName\":\"search_term_string\"}}],\"inLanguage\":\"de-DE\"}]}<\/script>\n<!-- \/ Yoast SEO plugin. -->","yoast_head_json":{"title":"COVID-19 INFO_copia.2022.04.15 | Italy Camping Village","robots":{"index":"index","follow":"follow","max-snippet":"max-snippet:-1","max-image-preview":"max-image-preview:large","max-video-preview":"max-video-preview:-1"},"canonical":"https:\/\/www.campingitaly.it\/de\/covid-19-info_copia-2022-04-15\/","og_locale":"de_DE","og_type":"article","og_title":"COVID-19 INFO_copia.2022.04.15 | Italy Camping Village","og_description":"WICHTIGE COVID-19 INFO: \u00a0\u00a0 \u00a0 ER\u00d6FFNUNG VON BUR\u00d6S UND DIENSTLEISTUNGENWerden alle Dienstleistungen des Campingplatzes regelm\u00e4\u00dfig ge\u00f6ffnet?Ja. Welche Stornobedingungen gibt es 2022 am Italy Camping Village?Hier\u00a0finden Sie die Buchungs- und Stornobedingungen g\u00fcltig f\u00fcr das Jahr 2022. CHECK-INWird die K\u00f6rpertemperatur des Gastes bei der Ankunft gemessen?Nein. Die K\u00f6rpertemperatur der G\u00e4ste wird bei der Ankunft nicht gemessen, auch [&hellip;]","og_url":"https:\/\/www.campingitaly.it\/de\/covid-19-info_copia-2022-04-15\/","og_site_name":"Italy Camping Village","article_publisher":"https:\/\/www.facebook.com\/ItalyCampingVillage","og_image":[{"width":1170,"height":500,"url":"https:\/\/www.campingitaly.it\/wp-content\/uploads\/2020\/05\/Covid-19.jpg","type":"image\/jpeg"}],"twitter_card":"summary_large_image","twitter_misc":{"Gesch\u00e4tzte Lesezeit":"7 Minuten"},"schema":{"@context":"https:\/\/schema.org","@graph":[{"@type":"WebPage","@id":"https:\/\/www.campingitaly.it\/de\/covid-19-info_copia-2022-04-15\/","url":"https:\/\/www.campingitaly.it\/de\/covid-19-info_copia-2022-04-15\/","name":"COVID-19 INFO_copia.2022.04.15 | Italy Camping Village","isPartOf":{"@id":"https:\/\/www.campingitaly.it\/#website"},"primaryImageOfPage":{"@id":"https:\/\/www.campingitaly.it\/de\/covid-19-info_copia-2022-04-15\/#primaryimage"},"image":{"@id":"https:\/\/www.campingitaly.it\/de\/covid-19-info_copia-2022-04-15\/#primaryimage"},"thumbnailUrl":"https:\/\/www.campingitaly.it\/wp-content\/uploads\/2020\/05\/Covid-19.jpg","datePublished":"2022-04-15T09:36:11+00:00","dateModified":"2022-04-15T09:36:11+00:00","breadcrumb":{"@id":"https:\/\/www.campingitaly.it\/de\/covid-19-info_copia-2022-04-15\/#breadcrumb"},"inLanguage":"de-DE","potentialAction":[{"@type":"ReadAction","target":["https:\/\/www.campingitaly.it\/de\/covid-19-info_copia-2022-04-15\/"]}]},{"@type":"ImageObject","inLanguage":"de-DE","@id":"https:\/\/www.campingitaly.it\/de\/covid-19-info_copia-2022-04-15\/#primaryimage","url":"https:\/\/www.campingitaly.it\/wp-content\/uploads\/2020\/05\/Covid-19.jpg","contentUrl":"https:\/\/www.campingitaly.it\/wp-content\/uploads\/2020\/05\/Covid-19.jpg","width":1170,"height":500},{"@type":"BreadcrumbList","@id":"https:\/\/www.campingitaly.it\/de\/covid-19-info_copia-2022-04-15\/#breadcrumb","itemListElement":[{"@type":"ListItem","position":1,"name":"Home","item":"https:\/\/www.campingitaly.it\/de\/"},{"@type":"ListItem","position":2,"name":"COVID-19 INFO_copia.2022.04.15"}]},{"@type":"WebSite","@id":"https:\/\/www.campingitaly.it\/#website","url":"https:\/\/www.campingitaly.it\/","name":"Italy Camping Village","description":"Italian Lifestyle Stile, ospitalit\u00e0, cibo e natura","potentialAction":[{"@type":"SearchAction","target":{"@type":"EntryPoint","urlTemplate":"https:\/\/www.campingitaly.it\/?s={search_term_string}"},"query-input":{"@type":"PropertyValueSpecification","valueRequired":true,"valueName":"search_term_string"}}],"inLanguage":"de-DE"}]}},"_links":{"self":[{"href":"https:\/\/www.campingitaly.it\/de\/wp-json\/wp\/v2\/pages\/5469","targetHints":{"allow":["GET"]}}],"collection":[{"href":"https:\/\/www.campingitaly.it\/de\/wp-json\/wp\/v2\/pages"}],"about":[{"href":"https:\/\/www.campingitaly.it\/de\/wp-json\/wp\/v2\/types\/page"}],"author":[{"embeddable":true,"href":"https:\/\/www.campingitaly.it\/de\/wp-json\/wp\/v2\/users\/3"}],"replies":[{"embeddable":true,"href":"https:\/\/www.campingitaly.it\/de\/wp-json\/wp\/v2\/comments?post=5469"}],"version-history":[{"count":1,"href":"https:\/\/www.campingitaly.it\/de\/wp-json\/wp\/v2\/pages\/5469\/revisions"}],"predecessor-version":[{"id":5470,"href":"https:\/\/www.campingitaly.it\/de\/wp-json\/wp\/v2\/pages\/5469\/revisions\/5470"}],"wp:featuredmedia":[{"embeddable":true,"href":"https:\/\/www.campingitaly.it\/de\/wp-json\/wp\/v2\/media\/6177"}],"wp:attachment":[{"href":"https:\/\/www.campingitaly.it\/de\/wp-json\/wp\/v2\/media?parent=5469"}],"curies":[{"name":"wp","href":"https:\/\/api.w.org\/{rel}","templated":true}]}}