{"id":5048,"date":"2021-10-08T13:18:24","date_gmt":"2021-10-08T13:18:24","guid":{"rendered":"https:\/\/www.campingitaly.it\/de\/?page_id=5048"},"modified":"2025-01-08T14:15:35","modified_gmt":"2025-01-08T14:15:35","slug":"buchungsbedingungen-2025","status":"publish","type":"page","link":"https:\/\/www.campingitaly.it\/de\/buchungsbedingungen-2025\/","title":{"rendered":"Buchungsbedingungen 2025"},"content":{"rendered":"<p><strong>BUCHUNGS- UND STORNIERUNGSBEDINGUNGEN<\/strong><\/p>\n<p>Aufnahme f\u00fcr die Mietunterk\u00fcnfte, von 16.00 bis 20.00 Uhr.<br \/>\nAufnahme f\u00fcr die Stellpl\u00e4tze, von 15.00 bis 20.00 Uhr.<br \/>\nAbreise f\u00fcr die Mietunterk\u00fcnfte von 7.00 bis 10.00 Uhr.<br \/>\nAbreise f\u00fcr die Stellpl\u00e4tze von 7.00 bis 12.00 Uhr.<br \/>\nBuchungen m\u00fcssen direkt durch die Personen durchgef\u00fchrt werden, die die Unterkunft bzw. Stellplatz dann auch bewohnen. Die Anzahl der Personen und deren jeweilige Namen m\u00fcssen angegeben werden. Reservierungen werden erst nach Zahlung einer von der Direktion festgesetzten Kaution und der anschlie\u00dfenden Ausstellung einer schriftlichen Buchungsbest\u00e4tigung verbindlich. Vormerkungen oder endg\u00fcltige Best\u00e4tigungen sind nur mit dem Einverst\u00e4ndnis des Italy Camping Village \u00fcbertragbar.<br \/>\nDie nachtr\u00e4gliche \u00c4nderung einer Vormerkung, wie die Verl\u00e4ngerung oder Verk\u00fcrzung der Aufenthaltsdauer, f\u00fchrt formal zu deren Annullierung und der damit verbundenen Anwendung der R\u00fccktrittsbedingungen. Kann dem Wunsch auf \u00c4nderung entsprochen werden, so wird eine neue Reservierung vorgenommen.<br \/>\nWird eine Unterkunft oder ein reservierter Stellplatz versp\u00e4tet bezogen oder wird der Aufenthalt, aus welchem Grund auch immer vorzeitig beendet, muss in jedem Fall der gesamte Zeitraum der Reservierung\u00a0(Mietunterkunft oder Stellplatz + Anzahl der reservierten Personen)\u00a0bezahlt werden.<br \/>\nWenn die Unterkunft oder der reservierte Stellplatz\u00a0nicht innerhalb von 1 Tag ab dem vereinbarten Ankunftstermin bezogen wird, hat Italy Camping Village das Recht, diese weiter zu vergeben.<br \/>\nDurch Unachtsamkeit oder Verschulden hervorgerufene Sch\u00e4den an den Unterk\u00fcnften und deren Ausstattung gehen zu Lasten des Mieters.<br \/>\nDie Mitunterk\u00fcnfte d\u00fcrfen nur von soviel Personen, gleich ob Erwachsene oder Kinder, bewohnt werden, wie Betten bzw. Schlafpl\u00e4tze zur Grundausstattung geh\u00f6ren.<br \/>\nDie Unterk\u00fcnfte sind mit dem notwendigen K\u00fcchenzubeh\u00f6r ausgestattet. Decken und Kopfkissen werden gestellt, Bettw\u00e4sche und Handt\u00fcchen sind mitzubringen; Bettw\u00e4sche k\u00f6nnen auch gemietet werden.<br \/>\nDie Stellpl\u00e4tze d\u00fcrfen nur von maximal 6 Personen, gleich ob Erwachsene oder Kinder, bewohnt werden.<\/p>\n<p><strong>Aufgrund vieler zahlreicher Anfragen bzgl. bestimmter Pr\u00e4ferenzen ist es uns nicht immer m\u00f6glich, die W\u00fcnsche aller G\u00e4ste zu ber\u00fccksichtigen. Wir erinnern auch daran, dass die Pr\u00e4ferenzen f\u00fcr eine Reservierung nicht verbindlich sind.<\/strong><br \/>\n<strong>F\u00fcr die zu reservierenden Mitunterk\u00fcnfte sowie Stellpl\u00e4tze die zugewiesene Nummer wird beim Check-in mitgeteilt und eventuelle Wechsel sind (auch w\u00e4hrend des Aufenthalts) nach Genehmigung durch die Direktion m\u00f6glich.\u00a0<em><span style=\"font-size: xx-small;\"><br \/>\n<\/span><\/em>Italy Camping Village beh\u00e4lt sich das Recht vor, die urspr\u00fcnglich zugewiesene Unterkunfts- oder Stellplatznummer jederzeit noch \u00e4ndern zu k\u00f6nnen, falls dies aus buchungstechnischen Gr\u00fcnden erforderlich werden sollte, auch nach Erhalt der Kaution und Absendung der Buchungsbest\u00e4tigung.<\/strong><br \/>\n<strong>Wir danke f\u00fcr Ihr gesch\u00e4tztes Verst\u00e4ndnis.<\/strong><\/p>\n<p><strong><em>BEZAHLUNG<\/em><\/strong><br \/>\nSie k\u00f6nnen gerne Ihre Rechnung an einem beliebigen Tag, vorzugsweise mindenstens einen Tag vor der Abreise, and der Kassenb\u00fcro zu begleichen.<br \/>\nKassenzeiten: 8.00 &#8211; 12.00 Uhr \/ 16.00 &#8211; 19.00 Uhr.<br \/>\nSie k\u00f6nnen mit Bargeld (entsprechend der gesetzlichen Bestimmungen) oder den Kreditkarten CartaSi, MasterCard, Eurocard und VISA bezahlen.<\/p>\n<p><strong><em>R\u00dcCKTRITT UND STORNIERUNG DER BUCHUNG<\/em><\/strong><br \/>\nDer Gast hat die Stornierung der Buchung schriftlich mitzuteilen und sich dabei auf die erhaltene Buchungsbest\u00e4tigung zu beziehen.<\/p>\n<p><strong>Die Stornierungsanfrage ist ausschlie\u00dflich vom Buchungsinhaber durchzuf\u00fchren<\/strong>\u00a0(oder bei dessen Verhinderung durch eine entsprechend erm\u00e4chtigte Person). Der Gast, der auf die Buchung verzichtet, hat Anspruch auf die R\u00fcckerstattung der geleisteten Anzahlung, wobei auf Folgendes hingewiesen wird: Wenn n\u00e4mlich die <strong>schriftliche Stornierungsmitteilung<\/strong> von Italy Camping Village\u00a0<strong>per E-Mail<\/strong> oder aber auf jede andere Weise, die den Empfang versichert sp\u00e4testens 30 (drei\u00dfig) Tage vor dem auf der Buchungsbest\u00e4tigung angegebenen Ankunftsdatum erhalten wird, erstattet Italy Camping Village dem Gast s\u00e4mtliche bis zu diesem Zeitpunkt geleistete Betr\u00e4ge zur\u00fcck, wobei der Betrag in der H\u00f6he von Euro 100,00 (hundert\/00) als Stornogeb\u00fchr einbehalten wird. Dem Gast, der auf die Buchung mit einer schriftlichen Mitteilung verzichtet, welche zwischen 29 und 15 Tage vor dem in der Buchungsbest\u00e4tigung angegebenen Ankunftsdatum von Italy Camping Village erhalten wird, wird hingegen eine Stornogeb\u00fchr in der H\u00f6he von 50% [jedenfalls mindestens Euro 100,00 (hundert\/00)] des geleisteten Anzahlungsbetrags verrechnet. Der Gast, der auf die Buchung mit einer schriftlichen Mitteilung verzichtet, welche in den 14 (vierzehn) Tagen vor dem in der Buchungsbest\u00e4tigung angegebenen Ankunftsdatum von Italy Camping Village erhalten wird, hat keinen Anspruch auf R\u00fcckerstattung, wobei Italy Camping Village die geleistete Anzahlung als Stornogeb\u00fchr zur G\u00e4nze einbeh\u00e4lt.<\/p>\n<p>Bei Nichterscheinen (sogenanntem \u201eNo-Show\u201c), ohne dass eine Stornierungsanfrage eingegangen ist, beh\u00e4lt sich Italy Camping Village nicht nur die Anzahlung als Stornogeb\u00fchr ein, sondern beh\u00e4lt sich auch das Recht vor, den Gesamtbetrag des gebuchten Aufenthalts abzubuchen.<\/p>\n<p><strong><em>VERSICHERUNG<\/em><\/strong><\/p>\n<p><strong>Italy Camping Village empfiehlt den Abschluss einer Versicherung, die sowohl den R\u00fccktrittsfall als auch die Ausr\u00fcstungs- und Campingrisiken abdeckt, bei einer Versicherungsgesellschaft Ihrer Wahl.<\/strong><\/p>\n<p>Die Direktion haftet nicht f\u00fcr abhanden gekommene oder besch\u00e4digte Gegenst\u00e4nde, f\u00fcr Unf\u00e4lle und Verletzungen, das Auftreten von Epidemien und Krankheiten, inbegriffen solche von Pflanzen und B\u00e4umen, f\u00fcr Sch\u00e4den verursacht durch das Herabfallen von Pinienzapfen und \u00c4sten, usw.<br \/>\nEbenso wird jede Haftung f\u00fcr Feuer- und Wettersch\u00e4den sowie f\u00fcr Sch\u00e4den infolge h\u00f6herer Gewalt abgelehnt.<\/p>\n<p><strong>Bei Abweichungen ist die italienische Textfassung ma\u00dfgebend, die auf der Homepage\u00a0<u>www.campingitaly.it<\/u>\u00a0zu finden ist<\/strong><\/p>\n<p><strong>Bitte beachten Sie, dass Sie durch die Best\u00e4tigung der Buchung die Allgemeinen Bedingungen \u00a0sowie die Haus- und Platzordnung des Italy Camping Village akzeptieren.<\/strong><\/p>\n","protected":false},"excerpt":{"rendered":"<p>BUCHUNGS- UND STORNIERUNGSBEDINGUNGEN Aufnahme f\u00fcr die Mietunterk\u00fcnfte, von 16.00 bis 20.00 Uhr. Aufnahme f\u00fcr die Stellpl\u00e4tze, von 15.00 bis 20.00 Uhr. Abreise f\u00fcr die Mietunterk\u00fcnfte von 7.00 bis 10.00 Uhr. Abreise f\u00fcr die Stellpl\u00e4tze von 7.00 bis 12.00 Uhr. Buchungen m\u00fcssen direkt durch die Personen durchgef\u00fchrt werden, die die Unterkunft bzw. Stellplatz dann auch bewohnen. [&hellip;]<\/p>\n","protected":false},"author":3,"featured_media":0,"parent":0,"menu_order":0,"comment_status":"closed","ping_status":"closed","template":"","meta":{"_acf_changed":false,"footnotes":""},"class_list":["post-5048","page","type-page","status-publish","hentry"],"acf":[],"yoast_head":"<!-- This site is optimized with the Yoast SEO plugin v23.4 - https:\/\/yoast.com\/wordpress\/plugins\/seo\/ -->\n<title>Buchungsbedingungen 2025 | Italy Camping Village<\/title>\n<meta name=\"robots\" content=\"index, follow, max-snippet:-1, max-image-preview:large, max-video-preview:-1\" \/>\n<link rel=\"canonical\" href=\"https:\/\/www.campingitaly.it\/de\/buchungsbedingungen-2025\/\" \/>\n<meta property=\"og:locale\" content=\"de_DE\" \/>\n<meta property=\"og:type\" content=\"article\" \/>\n<meta property=\"og:title\" content=\"Buchungsbedingungen 2025 | Italy Camping Village\" \/>\n<meta property=\"og:description\" content=\"BUCHUNGS- UND STORNIERUNGSBEDINGUNGEN Aufnahme f\u00fcr die Mietunterk\u00fcnfte, von 16.00 bis 20.00 Uhr. Aufnahme f\u00fcr die Stellpl\u00e4tze, von 15.00 bis 20.00 Uhr. Abreise f\u00fcr die Mietunterk\u00fcnfte von 7.00 bis 10.00 Uhr. Abreise f\u00fcr die Stellpl\u00e4tze von 7.00 bis 12.00 Uhr. Buchungen m\u00fcssen direkt durch die Personen durchgef\u00fchrt werden, die die Unterkunft bzw. Stellplatz dann auch bewohnen. [&hellip;]\" \/>\n<meta property=\"og:url\" content=\"https:\/\/www.campingitaly.it\/de\/buchungsbedingungen-2025\/\" \/>\n<meta property=\"og:site_name\" content=\"Italy Camping Village\" \/>\n<meta property=\"article:publisher\" content=\"https:\/\/www.facebook.com\/ItalyCampingVillage\" \/>\n<meta property=\"article:modified_time\" content=\"2025-01-08T14:15:35+00:00\" \/>\n<meta name=\"twitter:card\" content=\"summary_large_image\" \/>\n<meta name=\"twitter:label1\" content=\"Gesch\u00e4tzte Lesezeit\" \/>\n\t<meta name=\"twitter:data1\" content=\"5 Minuten\" \/>\n<script type=\"application\/ld+json\" class=\"yoast-schema-graph\">{\"@context\":\"https:\/\/schema.org\",\"@graph\":[{\"@type\":\"WebPage\",\"@id\":\"https:\/\/www.campingitaly.it\/de\/buchungsbedingungen-2025\/\",\"url\":\"https:\/\/www.campingitaly.it\/de\/buchungsbedingungen-2025\/\",\"name\":\"Buchungsbedingungen 2025 | Italy Camping Village\",\"isPartOf\":{\"@id\":\"https:\/\/www.campingitaly.it\/#website\"},\"datePublished\":\"2021-10-08T13:18:24+00:00\",\"dateModified\":\"2025-01-08T14:15:35+00:00\",\"breadcrumb\":{\"@id\":\"https:\/\/www.campingitaly.it\/de\/buchungsbedingungen-2025\/#breadcrumb\"},\"inLanguage\":\"de-DE\",\"potentialAction\":[{\"@type\":\"ReadAction\",\"target\":[\"https:\/\/www.campingitaly.it\/de\/buchungsbedingungen-2025\/\"]}]},{\"@type\":\"BreadcrumbList\",\"@id\":\"https:\/\/www.campingitaly.it\/de\/buchungsbedingungen-2025\/#breadcrumb\",\"itemListElement\":[{\"@type\":\"ListItem\",\"position\":1,\"name\":\"Home\",\"item\":\"https:\/\/www.campingitaly.it\/de\/\"},{\"@type\":\"ListItem\",\"position\":2,\"name\":\"Buchungsbedingungen 2025\"}]},{\"@type\":\"WebSite\",\"@id\":\"https:\/\/www.campingitaly.it\/#website\",\"url\":\"https:\/\/www.campingitaly.it\/\",\"name\":\"Italy Camping Village\",\"description\":\"Italian Lifestyle Stile, ospitalit\u00e0, cibo e natura\",\"potentialAction\":[{\"@type\":\"SearchAction\",\"target\":{\"@type\":\"EntryPoint\",\"urlTemplate\":\"https:\/\/www.campingitaly.it\/?s={search_term_string}\"},\"query-input\":{\"@type\":\"PropertyValueSpecification\",\"valueRequired\":true,\"valueName\":\"search_term_string\"}}],\"inLanguage\":\"de-DE\"}]}<\/script>\n<!-- \/ Yoast SEO plugin. -->","yoast_head_json":{"title":"Buchungsbedingungen 2025 | Italy Camping Village","robots":{"index":"index","follow":"follow","max-snippet":"max-snippet:-1","max-image-preview":"max-image-preview:large","max-video-preview":"max-video-preview:-1"},"canonical":"https:\/\/www.campingitaly.it\/de\/buchungsbedingungen-2025\/","og_locale":"de_DE","og_type":"article","og_title":"Buchungsbedingungen 2025 | Italy Camping Village","og_description":"BUCHUNGS- UND STORNIERUNGSBEDINGUNGEN Aufnahme f\u00fcr die Mietunterk\u00fcnfte, von 16.00 bis 20.00 Uhr. Aufnahme f\u00fcr die Stellpl\u00e4tze, von 15.00 bis 20.00 Uhr. Abreise f\u00fcr die Mietunterk\u00fcnfte von 7.00 bis 10.00 Uhr. Abreise f\u00fcr die Stellpl\u00e4tze von 7.00 bis 12.00 Uhr. Buchungen m\u00fcssen direkt durch die Personen durchgef\u00fchrt werden, die die Unterkunft bzw. Stellplatz dann auch bewohnen. [&hellip;]","og_url":"https:\/\/www.campingitaly.it\/de\/buchungsbedingungen-2025\/","og_site_name":"Italy Camping Village","article_publisher":"https:\/\/www.facebook.com\/ItalyCampingVillage","article_modified_time":"2025-01-08T14:15:35+00:00","twitter_card":"summary_large_image","twitter_misc":{"Gesch\u00e4tzte Lesezeit":"5 Minuten"},"schema":{"@context":"https:\/\/schema.org","@graph":[{"@type":"WebPage","@id":"https:\/\/www.campingitaly.it\/de\/buchungsbedingungen-2025\/","url":"https:\/\/www.campingitaly.it\/de\/buchungsbedingungen-2025\/","name":"Buchungsbedingungen 2025 | Italy Camping Village","isPartOf":{"@id":"https:\/\/www.campingitaly.it\/#website"},"datePublished":"2021-10-08T13:18:24+00:00","dateModified":"2025-01-08T14:15:35+00:00","breadcrumb":{"@id":"https:\/\/www.campingitaly.it\/de\/buchungsbedingungen-2025\/#breadcrumb"},"inLanguage":"de-DE","potentialAction":[{"@type":"ReadAction","target":["https:\/\/www.campingitaly.it\/de\/buchungsbedingungen-2025\/"]}]},{"@type":"BreadcrumbList","@id":"https:\/\/www.campingitaly.it\/de\/buchungsbedingungen-2025\/#breadcrumb","itemListElement":[{"@type":"ListItem","position":1,"name":"Home","item":"https:\/\/www.campingitaly.it\/de\/"},{"@type":"ListItem","position":2,"name":"Buchungsbedingungen 2025"}]},{"@type":"WebSite","@id":"https:\/\/www.campingitaly.it\/#website","url":"https:\/\/www.campingitaly.it\/","name":"Italy Camping Village","description":"Italian Lifestyle Stile, ospitalit\u00e0, cibo e natura","potentialAction":[{"@type":"SearchAction","target":{"@type":"EntryPoint","urlTemplate":"https:\/\/www.campingitaly.it\/?s={search_term_string}"},"query-input":{"@type":"PropertyValueSpecification","valueRequired":true,"valueName":"search_term_string"}}],"inLanguage":"de-DE"}]}},"_links":{"self":[{"href":"https:\/\/www.campingitaly.it\/de\/wp-json\/wp\/v2\/pages\/5048","targetHints":{"allow":["GET"]}}],"collection":[{"href":"https:\/\/www.campingitaly.it\/de\/wp-json\/wp\/v2\/pages"}],"about":[{"href":"https:\/\/www.campingitaly.it\/de\/wp-json\/wp\/v2\/types\/page"}],"author":[{"embeddable":true,"href":"https:\/\/www.campingitaly.it\/de\/wp-json\/wp\/v2\/users\/3"}],"replies":[{"embeddable":true,"href":"https:\/\/www.campingitaly.it\/de\/wp-json\/wp\/v2\/comments?post=5048"}],"version-history":[{"count":12,"href":"https:\/\/www.campingitaly.it\/de\/wp-json\/wp\/v2\/pages\/5048\/revisions"}],"predecessor-version":[{"id":8102,"href":"https:\/\/www.campingitaly.it\/de\/wp-json\/wp\/v2\/pages\/5048\/revisions\/8102"}],"wp:attachment":[{"href":"https:\/\/www.campingitaly.it\/de\/wp-json\/wp\/v2\/media?parent=5048"}],"curies":[{"name":"wp","href":"https:\/\/api.w.org\/{rel}","templated":true}]}}