{"id":4968,"date":"2021-10-06T15:34:33","date_gmt":"2021-10-06T15:34:33","guid":{"rendered":"https:\/\/www.campingitaly.it\/de\/?page_id=4968"},"modified":"2026-01-20T09:11:37","modified_gmt":"2026-01-20T09:11:37","slug":"italyvillaplus","status":"publish","type":"page","link":"https:\/\/www.campingitaly.it\/de\/village\/italyvillaplus\/","title":{"rendered":"ItalyVillaPlus"},"content":{"rendered":"<p><strong>ItalyVilla Plus \u2014 60 m\u00b2 \u2014 6+2<\/strong><\/p>\n<p><strong>In der ItalyVillaPlus l\u00e4uft der Urlaub in einem neuen Rhythmus.<\/strong> <br \/>\nDas Doppelzimmer und die zwei Zweibettzimmer hei\u00dfen jeden Gast mit Nat\u00fcrlichkeit willkommen, w\u00e4hrend die zwei Badezimmer alles erleichtern \u2013 besonders nach langen Tagen am Meer. Das Wohnzimmer wird zum Rahmen gemeinsamer Momente, zwischen gem\u00fctlichen Fr\u00fchst\u00fccken und Abenden, die sich auf die Terrasse verlagern. Drau\u00dfen schenkt der private Garten eine leichte, urlaubsduftende Atmosph\u00e4re. Ein Ort, der sich wie Zuhause anf\u00fchlt, aber mit der Freiheit, jeden Tag ohne Hektik zu genie\u00dfen.<\/p>\n<p><strong>Schnellinfos<\/strong><br \/>\nFl\u00e4che &amp; Kapazit\u00e4t: 60 m\u00b2 \u00b7 bis zu 6+2 Personen<br \/>\nAnreise ab 16:00 Uhr garantiert <br \/>\nAbreise bis 10:00 Uhr<\/p>\n<p><strong>Map<\/strong><\/p>\n<p><img loading=\"lazy\" decoding=\"async\" class=\"alignnone  wp-image-5215\" src=\"https:\/\/www.campingitaly.it\/wp-content\/uploads\/2021\/10\/planimetria.jpg\" alt=\"planimetria\" width=\"470\" height=\"379\" srcset=\"https:\/\/www.campingitaly.it\/wp-content\/uploads\/2021\/10\/planimetria.jpg 1936w, https:\/\/www.campingitaly.it\/wp-content\/uploads\/2021\/10\/planimetria-300x242.jpg 300w, https:\/\/www.campingitaly.it\/wp-content\/uploads\/2021\/10\/planimetria-768x618.jpg 768w, https:\/\/www.campingitaly.it\/wp-content\/uploads\/2021\/10\/planimetria-1024x825.jpg 1024w\" sizes=\"auto, (max-width: 470px) 100vw, 470px\" \/><\/p>\n","protected":false},"excerpt":{"rendered":"<p>ItalyVilla Plus \u2014 60 m\u00b2 \u2014 6+2 In der ItalyVillaPlus l\u00e4uft der Urlaub in einem neuen Rhythmus. Das Doppelzimmer und die zwei Zweibettzimmer hei\u00dfen jeden Gast mit Nat\u00fcrlichkeit willkommen, w\u00e4hrend die zwei Badezimmer alles erleichtern \u2013 besonders nach langen Tagen am Meer. Das Wohnzimmer wird zum Rahmen gemeinsamer Momente, zwischen gem\u00fctlichen Fr\u00fchst\u00fccken und Abenden, die [&hellip;]<\/p>\n","protected":false},"author":3,"featured_media":6385,"parent":395,"menu_order":0,"comment_status":"closed","ping_status":"closed","template":"page-risorsa.php","meta":{"_acf_changed":false,"footnotes":""},"class_list":["post-4968","page","type-page","status-publish","has-post-thumbnail","hentry"],"acf":[],"yoast_head":"<!-- This site is optimized with the Yoast SEO plugin v23.4 - https:\/\/yoast.com\/wordpress\/plugins\/seo\/ -->\n<title>ItalyVillaPlus | Italy Camping Village<\/title>\n<meta name=\"robots\" content=\"index, follow, max-snippet:-1, max-image-preview:large, max-video-preview:-1\" \/>\n<link rel=\"canonical\" href=\"https:\/\/www.campingitaly.it\/de\/village\/italyvillaplus\/\" \/>\n<meta property=\"og:locale\" content=\"de_DE\" \/>\n<meta property=\"og:type\" content=\"article\" \/>\n<meta property=\"og:title\" content=\"ItalyVillaPlus | Italy Camping Village\" \/>\n<meta property=\"og:description\" content=\"ItalyVilla Plus \u2014 60 m\u00b2 \u2014 6+2 In der ItalyVillaPlus l\u00e4uft der Urlaub in einem neuen Rhythmus. Das Doppelzimmer und die zwei Zweibettzimmer hei\u00dfen jeden Gast mit Nat\u00fcrlichkeit willkommen, w\u00e4hrend die zwei Badezimmer alles erleichtern \u2013 besonders nach langen Tagen am Meer. Das Wohnzimmer wird zum Rahmen gemeinsamer Momente, zwischen gem\u00fctlichen Fr\u00fchst\u00fccken und Abenden, die [&hellip;]\" \/>\n<meta property=\"og:url\" content=\"https:\/\/www.campingitaly.it\/de\/village\/italyvillaplus\/\" \/>\n<meta property=\"og:site_name\" content=\"Italy Camping Village\" \/>\n<meta property=\"article:publisher\" content=\"https:\/\/www.facebook.com\/ItalyCampingVillage\" \/>\n<meta property=\"article:modified_time\" content=\"2026-01-20T09:11:37+00:00\" \/>\n<meta property=\"og:image\" content=\"https:\/\/www.campingitaly.it\/wp-content\/uploads\/2021\/10\/DSC_6035_2.jpg\" \/>\n\t<meta property=\"og:image:width\" content=\"1600\" \/>\n\t<meta property=\"og:image:height\" content=\"1067\" \/>\n\t<meta property=\"og:image:type\" content=\"image\/jpeg\" \/>\n<meta name=\"twitter:card\" content=\"summary_large_image\" \/>\n<meta name=\"twitter:label1\" content=\"Gesch\u00e4tzte Lesezeit\" \/>\n\t<meta name=\"twitter:data1\" content=\"1 Minute\" \/>\n<script type=\"application\/ld+json\" class=\"yoast-schema-graph\">{\"@context\":\"https:\/\/schema.org\",\"@graph\":[{\"@type\":\"WebPage\",\"@id\":\"https:\/\/www.campingitaly.it\/de\/village\/italyvillaplus\/\",\"url\":\"https:\/\/www.campingitaly.it\/de\/village\/italyvillaplus\/\",\"name\":\"ItalyVillaPlus | Italy Camping Village\",\"isPartOf\":{\"@id\":\"https:\/\/www.campingitaly.it\/#website\"},\"primaryImageOfPage\":{\"@id\":\"https:\/\/www.campingitaly.it\/de\/village\/italyvillaplus\/#primaryimage\"},\"image\":{\"@id\":\"https:\/\/www.campingitaly.it\/de\/village\/italyvillaplus\/#primaryimage\"},\"thumbnailUrl\":\"https:\/\/www.campingitaly.it\/wp-content\/uploads\/2021\/10\/DSC_6035_2.jpg\",\"datePublished\":\"2021-10-06T15:34:33+00:00\",\"dateModified\":\"2026-01-20T09:11:37+00:00\",\"breadcrumb\":{\"@id\":\"https:\/\/www.campingitaly.it\/de\/village\/italyvillaplus\/#breadcrumb\"},\"inLanguage\":\"de-DE\",\"potentialAction\":[{\"@type\":\"ReadAction\",\"target\":[\"https:\/\/www.campingitaly.it\/de\/village\/italyvillaplus\/\"]}]},{\"@type\":\"ImageObject\",\"inLanguage\":\"de-DE\",\"@id\":\"https:\/\/www.campingitaly.it\/de\/village\/italyvillaplus\/#primaryimage\",\"url\":\"https:\/\/www.campingitaly.it\/wp-content\/uploads\/2021\/10\/DSC_6035_2.jpg\",\"contentUrl\":\"https:\/\/www.campingitaly.it\/wp-content\/uploads\/2021\/10\/DSC_6035_2.jpg\",\"width\":1600,\"height\":1067},{\"@type\":\"BreadcrumbList\",\"@id\":\"https:\/\/www.campingitaly.it\/de\/village\/italyvillaplus\/#breadcrumb\",\"itemListElement\":[{\"@type\":\"ListItem\",\"position\":1,\"name\":\"Home\",\"item\":\"https:\/\/www.campingitaly.it\/de\/\"},{\"@type\":\"ListItem\",\"position\":2,\"name\":\"Village\",\"item\":\"https:\/\/www.campingitaly.it\/de\/village\/\"},{\"@type\":\"ListItem\",\"position\":3,\"name\":\"ItalyVillaPlus\"}]},{\"@type\":\"WebSite\",\"@id\":\"https:\/\/www.campingitaly.it\/#website\",\"url\":\"https:\/\/www.campingitaly.it\/\",\"name\":\"Italy Camping Village\",\"description\":\"Italian Lifestyle Stile, ospitalit\u00e0, cibo e natura\",\"potentialAction\":[{\"@type\":\"SearchAction\",\"target\":{\"@type\":\"EntryPoint\",\"urlTemplate\":\"https:\/\/www.campingitaly.it\/?s={search_term_string}\"},\"query-input\":{\"@type\":\"PropertyValueSpecification\",\"valueRequired\":true,\"valueName\":\"search_term_string\"}}],\"inLanguage\":\"de-DE\"}]}<\/script>\n<!-- \/ Yoast SEO plugin. -->","yoast_head_json":{"title":"ItalyVillaPlus | Italy Camping Village","robots":{"index":"index","follow":"follow","max-snippet":"max-snippet:-1","max-image-preview":"max-image-preview:large","max-video-preview":"max-video-preview:-1"},"canonical":"https:\/\/www.campingitaly.it\/de\/village\/italyvillaplus\/","og_locale":"de_DE","og_type":"article","og_title":"ItalyVillaPlus | Italy Camping Village","og_description":"ItalyVilla Plus \u2014 60 m\u00b2 \u2014 6+2 In der ItalyVillaPlus l\u00e4uft der Urlaub in einem neuen Rhythmus. Das Doppelzimmer und die zwei Zweibettzimmer hei\u00dfen jeden Gast mit Nat\u00fcrlichkeit willkommen, w\u00e4hrend die zwei Badezimmer alles erleichtern \u2013 besonders nach langen Tagen am Meer. Das Wohnzimmer wird zum Rahmen gemeinsamer Momente, zwischen gem\u00fctlichen Fr\u00fchst\u00fccken und Abenden, die [&hellip;]","og_url":"https:\/\/www.campingitaly.it\/de\/village\/italyvillaplus\/","og_site_name":"Italy Camping Village","article_publisher":"https:\/\/www.facebook.com\/ItalyCampingVillage","article_modified_time":"2026-01-20T09:11:37+00:00","og_image":[{"width":1600,"height":1067,"url":"https:\/\/www.campingitaly.it\/wp-content\/uploads\/2021\/10\/DSC_6035_2.jpg","type":"image\/jpeg"}],"twitter_card":"summary_large_image","twitter_misc":{"Gesch\u00e4tzte Lesezeit":"1 Minute"},"schema":{"@context":"https:\/\/schema.org","@graph":[{"@type":"WebPage","@id":"https:\/\/www.campingitaly.it\/de\/village\/italyvillaplus\/","url":"https:\/\/www.campingitaly.it\/de\/village\/italyvillaplus\/","name":"ItalyVillaPlus | Italy Camping Village","isPartOf":{"@id":"https:\/\/www.campingitaly.it\/#website"},"primaryImageOfPage":{"@id":"https:\/\/www.campingitaly.it\/de\/village\/italyvillaplus\/#primaryimage"},"image":{"@id":"https:\/\/www.campingitaly.it\/de\/village\/italyvillaplus\/#primaryimage"},"thumbnailUrl":"https:\/\/www.campingitaly.it\/wp-content\/uploads\/2021\/10\/DSC_6035_2.jpg","datePublished":"2021-10-06T15:34:33+00:00","dateModified":"2026-01-20T09:11:37+00:00","breadcrumb":{"@id":"https:\/\/www.campingitaly.it\/de\/village\/italyvillaplus\/#breadcrumb"},"inLanguage":"de-DE","potentialAction":[{"@type":"ReadAction","target":["https:\/\/www.campingitaly.it\/de\/village\/italyvillaplus\/"]}]},{"@type":"ImageObject","inLanguage":"de-DE","@id":"https:\/\/www.campingitaly.it\/de\/village\/italyvillaplus\/#primaryimage","url":"https:\/\/www.campingitaly.it\/wp-content\/uploads\/2021\/10\/DSC_6035_2.jpg","contentUrl":"https:\/\/www.campingitaly.it\/wp-content\/uploads\/2021\/10\/DSC_6035_2.jpg","width":1600,"height":1067},{"@type":"BreadcrumbList","@id":"https:\/\/www.campingitaly.it\/de\/village\/italyvillaplus\/#breadcrumb","itemListElement":[{"@type":"ListItem","position":1,"name":"Home","item":"https:\/\/www.campingitaly.it\/de\/"},{"@type":"ListItem","position":2,"name":"Village","item":"https:\/\/www.campingitaly.it\/de\/village\/"},{"@type":"ListItem","position":3,"name":"ItalyVillaPlus"}]},{"@type":"WebSite","@id":"https:\/\/www.campingitaly.it\/#website","url":"https:\/\/www.campingitaly.it\/","name":"Italy Camping Village","description":"Italian Lifestyle Stile, ospitalit\u00e0, cibo e natura","potentialAction":[{"@type":"SearchAction","target":{"@type":"EntryPoint","urlTemplate":"https:\/\/www.campingitaly.it\/?s={search_term_string}"},"query-input":{"@type":"PropertyValueSpecification","valueRequired":true,"valueName":"search_term_string"}}],"inLanguage":"de-DE"}]}},"_links":{"self":[{"href":"https:\/\/www.campingitaly.it\/de\/wp-json\/wp\/v2\/pages\/4968","targetHints":{"allow":["GET"]}}],"collection":[{"href":"https:\/\/www.campingitaly.it\/de\/wp-json\/wp\/v2\/pages"}],"about":[{"href":"https:\/\/www.campingitaly.it\/de\/wp-json\/wp\/v2\/types\/page"}],"author":[{"embeddable":true,"href":"https:\/\/www.campingitaly.it\/de\/wp-json\/wp\/v2\/users\/3"}],"replies":[{"embeddable":true,"href":"https:\/\/www.campingitaly.it\/de\/wp-json\/wp\/v2\/comments?post=4968"}],"version-history":[{"count":30,"href":"https:\/\/www.campingitaly.it\/de\/wp-json\/wp\/v2\/pages\/4968\/revisions"}],"predecessor-version":[{"id":8975,"href":"https:\/\/www.campingitaly.it\/de\/wp-json\/wp\/v2\/pages\/4968\/revisions\/8975"}],"up":[{"embeddable":true,"href":"https:\/\/www.campingitaly.it\/de\/wp-json\/wp\/v2\/pages\/395"}],"wp:featuredmedia":[{"embeddable":true,"href":"https:\/\/www.campingitaly.it\/de\/wp-json\/wp\/v2\/media\/6385"}],"wp:attachment":[{"href":"https:\/\/www.campingitaly.it\/de\/wp-json\/wp\/v2\/media?parent=4968"}],"curies":[{"name":"wp","href":"https:\/\/api.w.org\/{rel}","templated":true}]}}