{"id":1667,"date":"2025-12-19T16:12:35","date_gmt":"2025-12-19T16:12:35","guid":{"rendered":"https:\/\/www.campingitaly.it\/de\/?page_id=1667"},"modified":"2026-04-02T08:12:00","modified_gmt":"2026-04-02T08:12:00","slug":"offerta-primavera-special-stay","status":"publish","type":"page","link":"https:\/\/www.campingitaly.it\/de\/last-minute\/offerta-primavera-special-stay\/","title":{"rendered":"FR\u00dcHLING SPECIAL STAY ANGEBOT"},"content":{"rendered":"<p>Profitiere von unserem Fr\u00fchling Special Stay Angebot: 15% Rabatt auf die Unterkunft bei einem Mindestaufenthalt von 5 N\u00e4chten, um deinen Urlaub unbeschwert zu genie\u00dfen!<\/p>\n<p><strong>F\u00fcr Buchungen vom 30.04 bis 22.05.2026 (ausgenommen) mit Abfahrt bis sp\u00e4testens 10:00 Uhr<\/strong><\/p>\n<p>Dies Angebot gilt nur f\u00fcr Neue Online-Buchungen vom 06.03 bis zum 30.04.2026<strong><br \/>\n<\/strong><br \/>\n*Extras nicht inbegriffen<\/p>\n<p>&nbsp;<\/p>\n","protected":false},"excerpt":{"rendered":"<p>Profitiere von unserem Fr\u00fchling Special Stay Angebot: 15% Rabatt auf die Unterkunft bei einem Mindestaufenthalt von 5 N\u00e4chten, um deinen Urlaub unbeschwert zu genie\u00dfen! F\u00fcr Buchungen vom 30.04 bis 22.05.2026 (ausgenommen) mit Abfahrt bis sp\u00e4testens 10:00 Uhr Dies Angebot gilt nur f\u00fcr Neue Online-Buchungen vom 06.03 bis zum 30.04.2026 *Extras nicht inbegriffen &nbsp;<\/p>\n","protected":false},"author":1,"featured_media":8283,"parent":1242,"menu_order":0,"comment_status":"closed","ping_status":"closed","template":"","meta":{"_acf_changed":false,"footnotes":""},"class_list":["post-1667","page","type-page","status-publish","has-post-thumbnail","hentry"],"acf":[],"yoast_head":"<!-- This site is optimized with the Yoast SEO plugin v23.4 - https:\/\/yoast.com\/wordpress\/plugins\/seo\/ -->\n<title>FR\u00dcHLING SPECIAL STAY ANGEBOT | Italy Camping Village<\/title>\n<meta name=\"robots\" content=\"index, follow, max-snippet:-1, max-image-preview:large, max-video-preview:-1\" \/>\n<link rel=\"canonical\" href=\"https:\/\/www.campingitaly.it\/de\/last-minute\/offerta-primavera-special-stay\/\" \/>\n<meta property=\"og:locale\" content=\"de_DE\" \/>\n<meta property=\"og:type\" content=\"article\" \/>\n<meta property=\"og:title\" content=\"FR\u00dcHLING SPECIAL STAY ANGEBOT | Italy Camping Village\" \/>\n<meta property=\"og:description\" content=\"Profitiere von unserem Fr\u00fchling Special Stay Angebot: 15% Rabatt auf die Unterkunft bei einem Mindestaufenthalt von 5 N\u00e4chten, um deinen Urlaub unbeschwert zu genie\u00dfen! F\u00fcr Buchungen vom 30.04 bis 22.05.2026 (ausgenommen) mit Abfahrt bis sp\u00e4testens 10:00 Uhr Dies Angebot gilt nur f\u00fcr Neue Online-Buchungen vom 06.03 bis zum 30.04.2026 *Extras nicht inbegriffen &nbsp;\" \/>\n<meta property=\"og:url\" content=\"https:\/\/www.campingitaly.it\/de\/last-minute\/offerta-primavera-special-stay\/\" \/>\n<meta property=\"og:site_name\" content=\"Italy Camping Village\" \/>\n<meta property=\"article:publisher\" content=\"https:\/\/www.facebook.com\/ItalyCampingVillage\" \/>\n<meta property=\"article:modified_time\" content=\"2026-04-02T08:12:00+00:00\" \/>\n<meta property=\"og:image\" content=\"https:\/\/www.campingitaly.it\/wp-content\/uploads\/2024\/10\/banner-italy-suite-1-scaled.jpg\" \/>\n\t<meta property=\"og:image:width\" content=\"2560\" \/>\n\t<meta property=\"og:image:height\" content=\"1703\" \/>\n\t<meta property=\"og:image:type\" content=\"image\/jpeg\" \/>\n<meta name=\"twitter:card\" content=\"summary_large_image\" \/>\n<meta name=\"twitter:label1\" content=\"Gesch\u00e4tzte Lesezeit\" \/>\n\t<meta name=\"twitter:data1\" content=\"1 Minute\" \/>\n<script type=\"application\/ld+json\" class=\"yoast-schema-graph\">{\"@context\":\"https:\/\/schema.org\",\"@graph\":[{\"@type\":\"WebPage\",\"@id\":\"https:\/\/www.campingitaly.it\/de\/last-minute\/offerta-primavera-special-stay\/\",\"url\":\"https:\/\/www.campingitaly.it\/de\/last-minute\/offerta-primavera-special-stay\/\",\"name\":\"FR\u00dcHLING SPECIAL STAY ANGEBOT | Italy Camping Village\",\"isPartOf\":{\"@id\":\"https:\/\/www.campingitaly.it\/#website\"},\"primaryImageOfPage\":{\"@id\":\"https:\/\/www.campingitaly.it\/de\/last-minute\/offerta-primavera-special-stay\/#primaryimage\"},\"image\":{\"@id\":\"https:\/\/www.campingitaly.it\/de\/last-minute\/offerta-primavera-special-stay\/#primaryimage\"},\"thumbnailUrl\":\"https:\/\/www.campingitaly.it\/wp-content\/uploads\/2024\/10\/banner-italy-suite-1-scaled.jpg\",\"datePublished\":\"2025-12-19T16:12:35+00:00\",\"dateModified\":\"2026-04-02T08:12:00+00:00\",\"breadcrumb\":{\"@id\":\"https:\/\/www.campingitaly.it\/de\/last-minute\/offerta-primavera-special-stay\/#breadcrumb\"},\"inLanguage\":\"de-DE\",\"potentialAction\":[{\"@type\":\"ReadAction\",\"target\":[\"https:\/\/www.campingitaly.it\/de\/last-minute\/offerta-primavera-special-stay\/\"]}]},{\"@type\":\"ImageObject\",\"inLanguage\":\"de-DE\",\"@id\":\"https:\/\/www.campingitaly.it\/de\/last-minute\/offerta-primavera-special-stay\/#primaryimage\",\"url\":\"https:\/\/www.campingitaly.it\/wp-content\/uploads\/2024\/10\/banner-italy-suite-1-scaled.jpg\",\"contentUrl\":\"https:\/\/www.campingitaly.it\/wp-content\/uploads\/2024\/10\/banner-italy-suite-1-scaled.jpg\",\"width\":2560,\"height\":1703},{\"@type\":\"BreadcrumbList\",\"@id\":\"https:\/\/www.campingitaly.it\/de\/last-minute\/offerta-primavera-special-stay\/#breadcrumb\",\"itemListElement\":[{\"@type\":\"ListItem\",\"position\":1,\"name\":\"Home\",\"item\":\"https:\/\/www.campingitaly.it\/de\/\"},{\"@type\":\"ListItem\",\"position\":2,\"name\":\"Sonderangebote\",\"item\":\"https:\/\/www.campingitaly.it\/de\/last-minute\/\"},{\"@type\":\"ListItem\",\"position\":3,\"name\":\"FR\u00dcHLING SPECIAL STAY ANGEBOT\"}]},{\"@type\":\"WebSite\",\"@id\":\"https:\/\/www.campingitaly.it\/#website\",\"url\":\"https:\/\/www.campingitaly.it\/\",\"name\":\"Italy Camping Village\",\"description\":\"Italian Lifestyle Stile, ospitalit\u00e0, cibo e natura\",\"potentialAction\":[{\"@type\":\"SearchAction\",\"target\":{\"@type\":\"EntryPoint\",\"urlTemplate\":\"https:\/\/www.campingitaly.it\/?s={search_term_string}\"},\"query-input\":{\"@type\":\"PropertyValueSpecification\",\"valueRequired\":true,\"valueName\":\"search_term_string\"}}],\"inLanguage\":\"de-DE\"}]}<\/script>\n<!-- \/ Yoast SEO plugin. -->","yoast_head_json":{"title":"FR\u00dcHLING SPECIAL STAY ANGEBOT | Italy Camping Village","robots":{"index":"index","follow":"follow","max-snippet":"max-snippet:-1","max-image-preview":"max-image-preview:large","max-video-preview":"max-video-preview:-1"},"canonical":"https:\/\/www.campingitaly.it\/de\/last-minute\/offerta-primavera-special-stay\/","og_locale":"de_DE","og_type":"article","og_title":"FR\u00dcHLING SPECIAL STAY ANGEBOT | Italy Camping Village","og_description":"Profitiere von unserem Fr\u00fchling Special Stay Angebot: 15% Rabatt auf die Unterkunft bei einem Mindestaufenthalt von 5 N\u00e4chten, um deinen Urlaub unbeschwert zu genie\u00dfen! F\u00fcr Buchungen vom 30.04 bis 22.05.2026 (ausgenommen) mit Abfahrt bis sp\u00e4testens 10:00 Uhr Dies Angebot gilt nur f\u00fcr Neue Online-Buchungen vom 06.03 bis zum 30.04.2026 *Extras nicht inbegriffen &nbsp;","og_url":"https:\/\/www.campingitaly.it\/de\/last-minute\/offerta-primavera-special-stay\/","og_site_name":"Italy Camping Village","article_publisher":"https:\/\/www.facebook.com\/ItalyCampingVillage","article_modified_time":"2026-04-02T08:12:00+00:00","og_image":[{"width":2560,"height":1703,"url":"https:\/\/www.campingitaly.it\/wp-content\/uploads\/2024\/10\/banner-italy-suite-1-scaled.jpg","type":"image\/jpeg"}],"twitter_card":"summary_large_image","twitter_misc":{"Gesch\u00e4tzte Lesezeit":"1 Minute"},"schema":{"@context":"https:\/\/schema.org","@graph":[{"@type":"WebPage","@id":"https:\/\/www.campingitaly.it\/de\/last-minute\/offerta-primavera-special-stay\/","url":"https:\/\/www.campingitaly.it\/de\/last-minute\/offerta-primavera-special-stay\/","name":"FR\u00dcHLING SPECIAL STAY ANGEBOT | Italy Camping Village","isPartOf":{"@id":"https:\/\/www.campingitaly.it\/#website"},"primaryImageOfPage":{"@id":"https:\/\/www.campingitaly.it\/de\/last-minute\/offerta-primavera-special-stay\/#primaryimage"},"image":{"@id":"https:\/\/www.campingitaly.it\/de\/last-minute\/offerta-primavera-special-stay\/#primaryimage"},"thumbnailUrl":"https:\/\/www.campingitaly.it\/wp-content\/uploads\/2024\/10\/banner-italy-suite-1-scaled.jpg","datePublished":"2025-12-19T16:12:35+00:00","dateModified":"2026-04-02T08:12:00+00:00","breadcrumb":{"@id":"https:\/\/www.campingitaly.it\/de\/last-minute\/offerta-primavera-special-stay\/#breadcrumb"},"inLanguage":"de-DE","potentialAction":[{"@type":"ReadAction","target":["https:\/\/www.campingitaly.it\/de\/last-minute\/offerta-primavera-special-stay\/"]}]},{"@type":"ImageObject","inLanguage":"de-DE","@id":"https:\/\/www.campingitaly.it\/de\/last-minute\/offerta-primavera-special-stay\/#primaryimage","url":"https:\/\/www.campingitaly.it\/wp-content\/uploads\/2024\/10\/banner-italy-suite-1-scaled.jpg","contentUrl":"https:\/\/www.campingitaly.it\/wp-content\/uploads\/2024\/10\/banner-italy-suite-1-scaled.jpg","width":2560,"height":1703},{"@type":"BreadcrumbList","@id":"https:\/\/www.campingitaly.it\/de\/last-minute\/offerta-primavera-special-stay\/#breadcrumb","itemListElement":[{"@type":"ListItem","position":1,"name":"Home","item":"https:\/\/www.campingitaly.it\/de\/"},{"@type":"ListItem","position":2,"name":"Sonderangebote","item":"https:\/\/www.campingitaly.it\/de\/last-minute\/"},{"@type":"ListItem","position":3,"name":"FR\u00dcHLING SPECIAL STAY ANGEBOT"}]},{"@type":"WebSite","@id":"https:\/\/www.campingitaly.it\/#website","url":"https:\/\/www.campingitaly.it\/","name":"Italy Camping Village","description":"Italian Lifestyle Stile, ospitalit\u00e0, cibo e natura","potentialAction":[{"@type":"SearchAction","target":{"@type":"EntryPoint","urlTemplate":"https:\/\/www.campingitaly.it\/?s={search_term_string}"},"query-input":{"@type":"PropertyValueSpecification","valueRequired":true,"valueName":"search_term_string"}}],"inLanguage":"de-DE"}]}},"_links":{"self":[{"href":"https:\/\/www.campingitaly.it\/de\/wp-json\/wp\/v2\/pages\/1667","targetHints":{"allow":["GET"]}}],"collection":[{"href":"https:\/\/www.campingitaly.it\/de\/wp-json\/wp\/v2\/pages"}],"about":[{"href":"https:\/\/www.campingitaly.it\/de\/wp-json\/wp\/v2\/types\/page"}],"author":[{"embeddable":true,"href":"https:\/\/www.campingitaly.it\/de\/wp-json\/wp\/v2\/users\/1"}],"replies":[{"embeddable":true,"href":"https:\/\/www.campingitaly.it\/de\/wp-json\/wp\/v2\/comments?post=1667"}],"version-history":[{"count":6,"href":"https:\/\/www.campingitaly.it\/de\/wp-json\/wp\/v2\/pages\/1667\/revisions"}],"predecessor-version":[{"id":9034,"href":"https:\/\/www.campingitaly.it\/de\/wp-json\/wp\/v2\/pages\/1667\/revisions\/9034"}],"up":[{"embeddable":true,"href":"https:\/\/www.campingitaly.it\/de\/wp-json\/wp\/v2\/pages\/1242"}],"wp:featuredmedia":[{"embeddable":true,"href":"https:\/\/www.campingitaly.it\/de\/wp-json\/wp\/v2\/media\/8283"}],"wp:attachment":[{"href":"https:\/\/www.campingitaly.it\/de\/wp-json\/wp\/v2\/media?parent=1667"}],"curies":[{"name":"wp","href":"https:\/\/api.w.org\/{rel}","templated":true}]}}