{"id":1604,"date":"2016-06-20T13:21:31","date_gmt":"2016-06-20T13:21:31","guid":{"rendered":"https:\/\/www.campingitaly.it\/de\/?page_id=1604"},"modified":"2016-06-20T13:21:31","modified_gmt":"2016-06-20T13:21:31","slug":"camping-jesolo-cavallino","status":"publish","type":"page","link":"https:\/\/www.campingitaly.it\/de\/campingplatz\/camping-jesolo-cavallino\/","title":{"rendered":"Camping Jesolo Cavallino"},"content":{"rendered":"<p>Der Campingplatz Italy Camping Village in <b>Cavallino<\/b> (<b>Jesolo<\/b>) ist ein 3-Sterne-Platz mit modernen und gepflegten Einrichtungen. <b>Cavallino<\/b> ist der beste Urlaubsort an der Adriasee, nicht weit entfernt von <b>Jesolo<\/b>.<\/p>\n<p>Wenn Sie sich einen vergn\u00fcglichen Sommerurlaub leisten m\u00f6chten, dann ist <b>Jesolo<\/b> nur 5 Minuten mit dem Auto von <b>Cavallino<\/b> entfernt. Die G\u00e4ste des Camping Italy Camping Village in <b>Cavallino<\/b> (<b>Jesolo<\/b>) k\u00f6nnen \u00fcber Zelt &#8211; und Wohnwagenstellpl\u00e4tze mit Stromanschl\u00fcssen (220 V), gro\u00dfz\u00fcgige Bungalows, MobileHomes und MaxiCaravans, Schwimmschule verf\u00fcgen.<\/p>\n<p>In unserem Camping in <b>Cavallino<\/b> (<b>Jesolo<\/b>) stehen dem Gast ein Restaurant mit Pizzeria, eine Strand bar mit Terrasse, Animation und Miniclub, Supermarkt, Camping &#8211; und Strandartikelgesch\u00e4ft, Sanit\u00e4rraum mit jederzeit warmem Wasser sowie Waschmaschinen zur Verf\u00fcgung.<\/p>\n<p>Wenn Sie einen erholsamen Urlaub in einem Camping an der Adriasee verbringen m\u00f6chten, kommen Sie doch nach <b>Cavallino<\/b> (<b>Jesolo<\/b>) und genie\u00dfen die italienische Atmosph\u00e4re Unser Bem\u00fchen ist es, Ihre Erwartungen zu erf\u00fcllen und Sie, den ganzen Sommerurlaub an der Adriasee \u00fcber mit unserem L\u00e4cheln zu begleiten!<\/p>\n","protected":false},"excerpt":{"rendered":"<p>Der Campingplatz Italy Camping Village in Cavallino (Jesolo) ist ein 3-Sterne-Platz mit modernen und gepflegten Einrichtungen. Cavallino ist der beste Urlaubsort an der Adriasee, nicht weit entfernt von Jesolo. Wenn Sie sich einen vergn\u00fcglichen Sommerurlaub leisten m\u00f6chten, dann ist Jesolo nur 5 Minuten mit dem Auto von Cavallino entfernt. Die G\u00e4ste des Camping Italy Camping [&hellip;]<\/p>\n","protected":false},"author":1,"featured_media":0,"parent":1602,"menu_order":0,"comment_status":"closed","ping_status":"closed","template":"","meta":{"_acf_changed":false,"footnotes":""},"class_list":["post-1604","page","type-page","status-publish","hentry"],"acf":[],"yoast_head":"<!-- This site is optimized with the Yoast SEO plugin v23.4 - https:\/\/yoast.com\/wordpress\/plugins\/seo\/ -->\n<title>Camping Jesolo Cavallino | Italy Camping Village<\/title>\n<meta name=\"robots\" content=\"index, follow, max-snippet:-1, max-image-preview:large, max-video-preview:-1\" \/>\n<link rel=\"canonical\" href=\"https:\/\/www.campingitaly.it\/de\/campingplatz\/camping-jesolo-cavallino\/\" \/>\n<meta property=\"og:locale\" content=\"de_DE\" \/>\n<meta property=\"og:type\" content=\"article\" \/>\n<meta property=\"og:title\" content=\"Camping Jesolo Cavallino | Italy Camping Village\" \/>\n<meta property=\"og:description\" content=\"Der Campingplatz Italy Camping Village in Cavallino (Jesolo) ist ein 3-Sterne-Platz mit modernen und gepflegten Einrichtungen. Cavallino ist der beste Urlaubsort an der Adriasee, nicht weit entfernt von Jesolo. Wenn Sie sich einen vergn\u00fcglichen Sommerurlaub leisten m\u00f6chten, dann ist Jesolo nur 5 Minuten mit dem Auto von Cavallino entfernt. Die G\u00e4ste des Camping Italy Camping [&hellip;]\" \/>\n<meta property=\"og:url\" content=\"https:\/\/www.campingitaly.it\/de\/campingplatz\/camping-jesolo-cavallino\/\" \/>\n<meta property=\"og:site_name\" content=\"Italy Camping Village\" \/>\n<meta property=\"article:publisher\" content=\"https:\/\/www.facebook.com\/ItalyCampingVillage\" \/>\n<meta name=\"twitter:card\" content=\"summary_large_image\" \/>\n<meta name=\"twitter:label1\" content=\"Gesch\u00e4tzte Lesezeit\" \/>\n\t<meta name=\"twitter:data1\" content=\"1 Minute\" \/>\n<script type=\"application\/ld+json\" class=\"yoast-schema-graph\">{\"@context\":\"https:\/\/schema.org\",\"@graph\":[{\"@type\":\"WebPage\",\"@id\":\"https:\/\/www.campingitaly.it\/de\/campingplatz\/camping-jesolo-cavallino\/\",\"url\":\"https:\/\/www.campingitaly.it\/de\/campingplatz\/camping-jesolo-cavallino\/\",\"name\":\"Camping Jesolo Cavallino | Italy Camping Village\",\"isPartOf\":{\"@id\":\"https:\/\/www.campingitaly.it\/#website\"},\"datePublished\":\"2016-06-20T13:21:31+00:00\",\"dateModified\":\"2016-06-20T13:21:31+00:00\",\"breadcrumb\":{\"@id\":\"https:\/\/www.campingitaly.it\/de\/campingplatz\/camping-jesolo-cavallino\/#breadcrumb\"},\"inLanguage\":\"de-DE\",\"potentialAction\":[{\"@type\":\"ReadAction\",\"target\":[\"https:\/\/www.campingitaly.it\/de\/campingplatz\/camping-jesolo-cavallino\/\"]}]},{\"@type\":\"BreadcrumbList\",\"@id\":\"https:\/\/www.campingitaly.it\/de\/campingplatz\/camping-jesolo-cavallino\/#breadcrumb\",\"itemListElement\":[{\"@type\":\"ListItem\",\"position\":1,\"name\":\"Home\",\"item\":\"https:\/\/www.campingitaly.it\/de\/\"},{\"@type\":\"ListItem\",\"position\":2,\"name\":\"Campingpl\u00e4tze Cavallino\",\"item\":\"https:\/\/www.campingitaly.it\/de\/campingplatz\/\"},{\"@type\":\"ListItem\",\"position\":3,\"name\":\"Camping Jesolo Cavallino\"}]},{\"@type\":\"WebSite\",\"@id\":\"https:\/\/www.campingitaly.it\/#website\",\"url\":\"https:\/\/www.campingitaly.it\/\",\"name\":\"Italy Camping Village\",\"description\":\"Italian Lifestyle Stile, ospitalit\u00e0, cibo e natura\",\"potentialAction\":[{\"@type\":\"SearchAction\",\"target\":{\"@type\":\"EntryPoint\",\"urlTemplate\":\"https:\/\/www.campingitaly.it\/?s={search_term_string}\"},\"query-input\":{\"@type\":\"PropertyValueSpecification\",\"valueRequired\":true,\"valueName\":\"search_term_string\"}}],\"inLanguage\":\"de-DE\"}]}<\/script>\n<!-- \/ Yoast SEO plugin. -->","yoast_head_json":{"title":"Camping Jesolo Cavallino | Italy Camping Village","robots":{"index":"index","follow":"follow","max-snippet":"max-snippet:-1","max-image-preview":"max-image-preview:large","max-video-preview":"max-video-preview:-1"},"canonical":"https:\/\/www.campingitaly.it\/de\/campingplatz\/camping-jesolo-cavallino\/","og_locale":"de_DE","og_type":"article","og_title":"Camping Jesolo Cavallino | Italy Camping Village","og_description":"Der Campingplatz Italy Camping Village in Cavallino (Jesolo) ist ein 3-Sterne-Platz mit modernen und gepflegten Einrichtungen. Cavallino ist der beste Urlaubsort an der Adriasee, nicht weit entfernt von Jesolo. Wenn Sie sich einen vergn\u00fcglichen Sommerurlaub leisten m\u00f6chten, dann ist Jesolo nur 5 Minuten mit dem Auto von Cavallino entfernt. Die G\u00e4ste des Camping Italy Camping [&hellip;]","og_url":"https:\/\/www.campingitaly.it\/de\/campingplatz\/camping-jesolo-cavallino\/","og_site_name":"Italy Camping Village","article_publisher":"https:\/\/www.facebook.com\/ItalyCampingVillage","twitter_card":"summary_large_image","twitter_misc":{"Gesch\u00e4tzte Lesezeit":"1 Minute"},"schema":{"@context":"https:\/\/schema.org","@graph":[{"@type":"WebPage","@id":"https:\/\/www.campingitaly.it\/de\/campingplatz\/camping-jesolo-cavallino\/","url":"https:\/\/www.campingitaly.it\/de\/campingplatz\/camping-jesolo-cavallino\/","name":"Camping Jesolo Cavallino | Italy Camping Village","isPartOf":{"@id":"https:\/\/www.campingitaly.it\/#website"},"datePublished":"2016-06-20T13:21:31+00:00","dateModified":"2016-06-20T13:21:31+00:00","breadcrumb":{"@id":"https:\/\/www.campingitaly.it\/de\/campingplatz\/camping-jesolo-cavallino\/#breadcrumb"},"inLanguage":"de-DE","potentialAction":[{"@type":"ReadAction","target":["https:\/\/www.campingitaly.it\/de\/campingplatz\/camping-jesolo-cavallino\/"]}]},{"@type":"BreadcrumbList","@id":"https:\/\/www.campingitaly.it\/de\/campingplatz\/camping-jesolo-cavallino\/#breadcrumb","itemListElement":[{"@type":"ListItem","position":1,"name":"Home","item":"https:\/\/www.campingitaly.it\/de\/"},{"@type":"ListItem","position":2,"name":"Campingpl\u00e4tze Cavallino","item":"https:\/\/www.campingitaly.it\/de\/campingplatz\/"},{"@type":"ListItem","position":3,"name":"Camping Jesolo Cavallino"}]},{"@type":"WebSite","@id":"https:\/\/www.campingitaly.it\/#website","url":"https:\/\/www.campingitaly.it\/","name":"Italy Camping Village","description":"Italian Lifestyle Stile, ospitalit\u00e0, cibo e natura","potentialAction":[{"@type":"SearchAction","target":{"@type":"EntryPoint","urlTemplate":"https:\/\/www.campingitaly.it\/?s={search_term_string}"},"query-input":{"@type":"PropertyValueSpecification","valueRequired":true,"valueName":"search_term_string"}}],"inLanguage":"de-DE"}]}},"_links":{"self":[{"href":"https:\/\/www.campingitaly.it\/de\/wp-json\/wp\/v2\/pages\/1604","targetHints":{"allow":["GET"]}}],"collection":[{"href":"https:\/\/www.campingitaly.it\/de\/wp-json\/wp\/v2\/pages"}],"about":[{"href":"https:\/\/www.campingitaly.it\/de\/wp-json\/wp\/v2\/types\/page"}],"author":[{"embeddable":true,"href":"https:\/\/www.campingitaly.it\/de\/wp-json\/wp\/v2\/users\/1"}],"replies":[{"embeddable":true,"href":"https:\/\/www.campingitaly.it\/de\/wp-json\/wp\/v2\/comments?post=1604"}],"version-history":[{"count":1,"href":"https:\/\/www.campingitaly.it\/de\/wp-json\/wp\/v2\/pages\/1604\/revisions"}],"predecessor-version":[{"id":1605,"href":"https:\/\/www.campingitaly.it\/de\/wp-json\/wp\/v2\/pages\/1604\/revisions\/1605"}],"up":[{"embeddable":true,"href":"https:\/\/www.campingitaly.it\/de\/wp-json\/wp\/v2\/pages\/1602"}],"wp:attachment":[{"href":"https:\/\/www.campingitaly.it\/de\/wp-json\/wp\/v2\/media?parent=1604"}],"curies":[{"name":"wp","href":"https:\/\/api.w.org\/{rel}","templated":true}]}}